{"id":881,"date":"2025-07-02T16:38:49","date_gmt":"2025-07-02T16:38:49","guid":{"rendered":"https:\/\/engevale.danilolimadesign.com.br\/?page_id=881"},"modified":"2026-01-13T15:26:18","modified_gmt":"2026-01-13T18:26:18","slug":"politica-do-sistema-integrado","status":"publish","type":"page","link":"https:\/\/engevale.com\/site\/politica-do-sistema-integrado\/","title":{"rendered":"Pol\u00edtica do Sistema Integrado"},"content":{"rendered":"\t\t<div data-elementor-type=\"wp-page\" data-elementor-id=\"881\" class=\"elementor elementor-881\" data-elementor-post-type=\"page\">\n\t\t\t\t<div class=\"elementor-element elementor-element-83fdb8f e-flex e-con-boxed e-con e-parent\" data-id=\"83fdb8f\" data-element_type=\"container\" data-settings=\"{&quot;background_background&quot;:&quot;gradient&quot;,&quot;shape_divider_bottom&quot;:&quot;arrow&quot;}\">\n\t\t\t\t\t<div class=\"e-con-inner\">\n\t\t\t\t<div class=\"elementor-shape elementor-shape-bottom\" aria-hidden=\"true\" data-negative=\"false\">\n\t\t\t<svg xmlns=\"http:\/\/www.w3.org\/2000\/svg\" viewBox=\"0 0 700 10\" preserveAspectRatio=\"none\">\n\t<path class=\"elementor-shape-fill\" d=\"M350,10L340,0h20L350,10z\"\/>\n<\/svg>\t\t<\/div>\n\t\t<div class=\"elementor-element elementor-element-d794b1c e-con-full e-flex e-con e-child\" data-id=\"d794b1c\" data-element_type=\"container\">\n\t\t\t\t<div class=\"elementor-element elementor-element-461b842 elementor-widget elementor-widget-heading\" data-id=\"461b842\" data-element_type=\"widget\" data-widget_type=\"heading.default\">\n\t\t\t\t\t<h1 class=\"elementor-heading-title elementor-size-default\">Pol\u00edtica do Sistema Integrado<\/h1>\t\t\t\t<\/div>\n\t\t\t\t<\/div>\n\t\t\t\t\t<\/div>\n\t\t\t\t<\/div>\n\t\t<div class=\"elementor-element elementor-element-3b751f2 e-flex e-con-boxed e-con e-parent\" data-id=\"3b751f2\" data-element_type=\"container\" data-settings=\"{&quot;background_background&quot;:&quot;classic&quot;}\">\n\t\t\t\t\t<div class=\"e-con-inner\">\n\t\t\t\t<div class=\"elementor-element elementor-element-ad9acdc elementor-widget elementor-widget-text-editor\" data-id=\"ad9acdc\" data-element_type=\"widget\" data-widget_type=\"text-editor.default\">\n\t\t\t\t\t\t\t\t\t<p>A Engevale Engenharia, empresa nacional de reconhecida excel\u00eancia no setor de engenharia, estabelece a presente Pol\u00edtica do Sistema de Gest\u00e3o Integrada (SGI) como express\u00e3o de seus compromissos institucionais e de sua responsabilidade corporativa. Tais compromissos constituem alicerces fundamentais para a evolu\u00e7\u00e3o cont\u00ednua da organiza\u00e7\u00e3o e para o fortalecimento de sua posi\u00e7\u00e3o entre as principais empresas de um segmento din\u00e2mico e altamente desafiador.<\/p>\t\t\t\t\t\t\t\t<\/div>\n\t\t\t\t<div class=\"elementor-element elementor-element-d191ed4 elementor-widget elementor-widget-text-editor\" data-id=\"d191ed4\" data-element_type=\"widget\" data-widget_type=\"text-editor.default\">\n\t\t\t\t\t\t\t\t\t<p>Para alcan\u00e7ar esses objetivos, a Engevale Engenharia adota e pratica os seguintes valores e princ\u00edpios essenciais, sem os quais n\u00e3o seria poss\u00edvel assegurar o crescimento sustent\u00e1vel, a excel\u00eancia operacional e a perenidade do neg\u00f3cio:<\/p>\t\t\t\t\t\t\t\t<\/div>\n\t\t\t\t<div class=\"elementor-element elementor-element-91e8653 elementor-widget__width-initial elementor-widget-mobile__width-inherit elementor-widget elementor-widget-heading\" data-id=\"91e8653\" data-element_type=\"widget\" data-widget_type=\"heading.default\">\n\t\t\t\t\t<h5 class=\"elementor-heading-title elementor-size-default\">Princ\u00edpios Fundamentais da Pol\u00edtica SGI<\/h5>\t\t\t\t<\/div>\n\t\t\t\t<div class=\"elementor-element elementor-element-d8e4a5b elementor-widget__width-initial elementor-widget-mobile__width-inherit elementor-widget elementor-widget-heading\" data-id=\"d8e4a5b\" data-element_type=\"widget\" data-widget_type=\"heading.default\">\n\t\t\t\t\t<h5 class=\"elementor-heading-title elementor-size-default\">1. Seguran\u00e7a, sa\u00fade e bem-estar dos funcion\u00e1rios<\/h5>\t\t\t\t<\/div>\n\t\t\t\t<div class=\"elementor-element elementor-element-ceb5e74 elementor-widget elementor-widget-text-editor\" data-id=\"ceb5e74\" data-element_type=\"widget\" data-widget_type=\"text-editor.default\">\n\t\t\t\t\t\t\t\t\t<p>Priorizar a seguran\u00e7a, a sa\u00fade e o bem-estar de seus funcion\u00e1rios, assegurando ambientes de trabalho seguros e saud\u00e1veis. A organiza\u00e7\u00e3o compromete-se a identificar, avaliar e eliminar ou controlar riscos e perigos ocupacionais, promovendo a integridade f\u00edsica e mental de todos. Este compromisso inclui a preven\u00e7\u00e3o de riscos psicossociais, tais como ass\u00e9dio moral, press\u00e3o psicol\u00f3gica excessiva e s\u00edndrome de <em>burnout<\/em>. A gest\u00e3o dos riscos ocupacionais ser\u00e1 cont\u00ednua, sistem\u00e1tica, documentada e integrada ao SGI;<\/p>\t\t\t\t\t\t\t\t<\/div>\n\t\t\t\t<div class=\"elementor-element elementor-element-cbd4bc3 elementor-widget__width-initial elementor-widget-mobile__width-inherit elementor-widget elementor-widget-heading\" data-id=\"cbd4bc3\" data-element_type=\"widget\" data-widget_type=\"heading.default\">\n\t\t\t\t\t<h5 class=\"elementor-heading-title elementor-size-default\"> 2. Satisfa\u00e7\u00e3o de todas as partes interessadas<\/h5>\t\t\t\t<\/div>\n\t\t\t\t<div class=\"elementor-element elementor-element-4dbd29c elementor-widget elementor-widget-text-editor\" data-id=\"4dbd29c\" data-element_type=\"widget\" data-widget_type=\"text-editor.default\">\n\t\t\t\t\t\t\t\t\t<p>Assegurar a satisfa\u00e7\u00e3o das partes interessadas, atendendo de forma \u00e9tica, transparente e eficiente \u00e0s suas expectativas, necessidades e prazos, sem qualquer tipo de distin\u00e7\u00e3o, abrangendo funcion\u00e1rios, clientes, fornecedores e empresas subcontratadas;<\/p>\t\t\t\t\t\t\t\t<\/div>\n\t\t\t\t<div class=\"elementor-element elementor-element-b6f3c3f elementor-widget__width-initial elementor-widget-mobile__width-inherit elementor-widget elementor-widget-heading\" data-id=\"b6f3c3f\" data-element_type=\"widget\" data-widget_type=\"heading.default\">\n\t\t\t\t\t<h5 class=\"elementor-heading-title elementor-size-default\">3. Sustentabilidade e controle ambiental<\/h5>\t\t\t\t<\/div>\n\t\t\t\t<div class=\"elementor-element elementor-element-62cf6c9 elementor-widget elementor-widget-text-editor\" data-id=\"62cf6c9\" data-element_type=\"widget\" data-widget_type=\"text-editor.default\">\n\t\t\t\t\t\t\t\t\t<p>Promover a sustentabilidade de suas a\u00e7\u00f5es, adotando pr\u00e1ticas respons\u00e1veis voltadas \u00e0 prote\u00e7\u00e3o, \u00e0 preserva\u00e7\u00e3o e ao cuidado com o meio ambiente. Todas as atividades da organiza\u00e7\u00e3o estar\u00e3o sujeitas a controles rigorosos de impactos ambientais, com monitoramento permanente dos processos operacionais, visando \u00e0 redu\u00e7\u00e3o de impactos adversos e \u00e0 promo\u00e7\u00e3o de um meio ambiente equilibrado e saud\u00e1vel para a sociedade;<\/p>\t\t\t\t\t\t\t\t<\/div>\n\t\t\t\t<div class=\"elementor-element elementor-element-7613b65 elementor-widget__width-initial elementor-widget-mobile__width-inherit elementor-widget elementor-widget-heading\" data-id=\"7613b65\" data-element_type=\"widget\" data-widget_type=\"heading.default\">\n\t\t\t\t\t<h5 class=\"elementor-heading-title elementor-size-default\">4. Conformidade legal e integridade corporativa<\/h5>\t\t\t\t<\/div>\n\t\t\t\t<div class=\"elementor-element elementor-element-be361c8 elementor-widget elementor-widget-text-editor\" data-id=\"be361c8\" data-element_type=\"widget\" data-widget_type=\"text-editor.default\">\n\t\t\t\t\t\t\t\t\t<p>Cumprir integralmente os requisitos legais, regulamentares e estatut\u00e1rios aplic\u00e1veis, bem como outros requisitos subscritos pela organiza\u00e7\u00e3o, mantendo elevados padr\u00f5es de \u00e9tica, integridade e conformidade legal. A Engevale Engenharia compromete-se, em especial, ao atendimento pleno da NR-01 e das demais Normas Regulamentadoras pertinentes \u00e0s suas atividades;<\/p>\t\t\t\t\t\t\t\t<\/div>\n\t\t\t\t<div class=\"elementor-element elementor-element-3eae89b elementor-widget__width-initial elementor-widget-mobile__width-inherit elementor-widget elementor-widget-heading\" data-id=\"3eae89b\" data-element_type=\"widget\" data-widget_type=\"heading.default\">\n\t\t\t\t\t<h5 class=\"elementor-heading-title elementor-size-default\">5. Participa\u00e7\u00e3o ativa e escuta dos colaboradores<\/h5>\t\t\t\t<\/div>\n\t\t\t\t<div class=\"elementor-element elementor-element-82f6ef7 elementor-widget elementor-widget-text-editor\" data-id=\"82f6ef7\" data-element_type=\"widget\" data-widget_type=\"text-editor.default\">\n\t\t\t\t\t\t\t\t\t<p>Estimular a participa\u00e7\u00e3o, a consulta e o envolvimento dos funcion\u00e1rios, garantindo que suas opini\u00f5es e contribui\u00e7\u00f5es sejam consideradas, especialmente nas quest\u00f5es relacionadas \u00e0 sa\u00fade, seguran\u00e7a e bem-estar no trabalho. Este compromisso inclui ouvir, analisar e agir sobre preocupa\u00e7\u00f5es relacionadas aos riscos psicossociais, promovendo um ambiente de trabalho inclusivo, colaborativo, respeitoso e psicologicamente seguro;<\/p>\t\t\t\t\t\t\t\t<\/div>\n\t\t\t\t<div class=\"elementor-element elementor-element-9d1bed7 elementor-widget__width-initial elementor-widget-mobile__width-inherit elementor-widget elementor-widget-heading\" data-id=\"9d1bed7\" data-element_type=\"widget\" data-widget_type=\"heading.default\">\n\t\t\t\t\t<h5 class=\"elementor-heading-title elementor-size-default\">6. Melhoria cont\u00ednua do Sistema de Gest\u00e3o<\/h5>\t\t\t\t<\/div>\n\t\t\t\t<div class=\"elementor-element elementor-element-e5aeff0 elementor-widget elementor-widget-text-editor\" data-id=\"e5aeff0\" data-element_type=\"widget\" data-widget_type=\"text-editor.default\">\n\t\t\t\t\t\t\t\t\t<p>Buscar a melhoria cont\u00ednua do desempenho organizacional, por meio do aprimoramento permanente do Sistema de Gest\u00e3o Integrada, com foco em seguran\u00e7a e sa\u00fade ocupacional, qualidade, prote\u00e7\u00e3o ambiental e efici\u00eancia operacional, assegurando a satisfa\u00e7\u00e3o das partes interessadas e a excel\u00eancia dos resultados alcan\u00e7ados.<\/p>\t\t\t\t\t\t\t\t<\/div>\n\t\t\t\t<div class=\"elementor-element elementor-element-1d37207 elementor-widget elementor-widget-text-editor\" data-id=\"1d37207\" data-element_type=\"widget\" data-widget_type=\"text-editor.default\">\n\t\t\t\t\t\t\t\t\t<p>A alta dire\u00e7\u00e3o da Engevale Engenharia assegura os recursos necess\u00e1rios para a implementa\u00e7\u00e3o, manuten\u00e7\u00e3o e melhoria cont\u00ednua desta Pol\u00edtica, comprometendo-se a divulg\u00e1-la, implement\u00e1-la e revis\u00e1-la periodicamente, garantindo sua adequa\u00e7\u00e3o aos objetivos estrat\u00e9gicos da organiza\u00e7\u00e3o e \u00e0s melhores pr\u00e1ticas de gest\u00e3o.<\/p>\t\t\t\t\t\t\t\t<\/div>\n\t\t\t\t\t<\/div>\n\t\t\t\t<\/div>\n\t\t\t\t<\/div>\n\t\t","protected":false},"excerpt":{"rendered":"<p>Pol\u00edtica do Sistema Integrado A Engevale Engenharia, empresa nacional de reconhecida excel\u00eancia no setor de engenharia, estabelece a presente Pol\u00edtica do Sistema de Gest\u00e3o Integrada (SGI) como express\u00e3o de seus compromissos institucionais e de sua responsabilidade corporativa. Tais compromissos constituem alicerces fundamentais para a evolu\u00e7\u00e3o cont\u00ednua da organiza\u00e7\u00e3o e para o fortalecimento de sua posi\u00e7\u00e3o [&hellip;]<\/p>\n","protected":false},"author":1,"featured_media":0,"parent":0,"menu_order":0,"comment_status":"closed","ping_status":"closed","template":"","meta":{"footnotes":""},"class_list":["post-881","page","type-page","status-publish","hentry"],"_links":{"self":[{"href":"https:\/\/engevale.com\/site\/wp-json\/wp\/v2\/pages\/881","targetHints":{"allow":["GET"]}}],"collection":[{"href":"https:\/\/engevale.com\/site\/wp-json\/wp\/v2\/pages"}],"about":[{"href":"https:\/\/engevale.com\/site\/wp-json\/wp\/v2\/types\/page"}],"author":[{"embeddable":true,"href":"https:\/\/engevale.com\/site\/wp-json\/wp\/v2\/users\/1"}],"replies":[{"embeddable":true,"href":"https:\/\/engevale.com\/site\/wp-json\/wp\/v2\/comments?post=881"}],"version-history":[{"count":46,"href":"https:\/\/engevale.com\/site\/wp-json\/wp\/v2\/pages\/881\/revisions"}],"predecessor-version":[{"id":3627,"href":"https:\/\/engevale.com\/site\/wp-json\/wp\/v2\/pages\/881\/revisions\/3627"}],"wp:attachment":[{"href":"https:\/\/engevale.com\/site\/wp-json\/wp\/v2\/media?parent=881"}],"curies":[{"name":"wp","href":"https:\/\/api.w.org\/{rel}","templated":true}]}}