{"id":818,"date":"2025-07-02T16:05:26","date_gmt":"2025-07-02T16:05:26","guid":{"rendered":"https:\/\/engevale.danilolimadesign.com.br\/?page_id=818"},"modified":"2025-08-04T13:09:50","modified_gmt":"2025-08-04T16:09:50","slug":"construcao-civil","status":"publish","type":"page","link":"https:\/\/engevale.com\/site\/construcao-civil\/","title":{"rendered":"Constru\u00e7\u00e3o Civil Pesada"},"content":{"rendered":"\t\t<div data-elementor-type=\"wp-page\" data-elementor-id=\"818\" class=\"elementor elementor-818\" data-elementor-post-type=\"page\">\n\t\t\t\t<div class=\"elementor-element elementor-element-c401500 e-flex e-con-boxed e-con e-parent\" data-id=\"c401500\" data-element_type=\"container\" data-settings=\"{&quot;background_background&quot;:&quot;gradient&quot;,&quot;shape_divider_bottom&quot;:&quot;arrow&quot;}\">\n\t\t\t\t\t<div class=\"e-con-inner\">\n\t\t\t\t<div class=\"elementor-shape elementor-shape-bottom\" aria-hidden=\"true\" data-negative=\"false\">\n\t\t\t<svg xmlns=\"http:\/\/www.w3.org\/2000\/svg\" viewBox=\"0 0 700 10\" preserveAspectRatio=\"none\">\n\t<path class=\"elementor-shape-fill\" d=\"M350,10L340,0h20L350,10z\"\/>\n<\/svg>\t\t<\/div>\n\t\t<div class=\"elementor-element elementor-element-05c0f5d e-con-full e-flex e-con e-child\" data-id=\"05c0f5d\" data-element_type=\"container\">\n\t\t\t\t<div class=\"elementor-element elementor-element-0721ff8 elementor-widget elementor-widget-heading\" data-id=\"0721ff8\" data-element_type=\"widget\" data-widget_type=\"heading.default\">\n\t\t\t\t\t<h1 class=\"elementor-heading-title elementor-size-default\">Constru\u00e7\u00e3o Civil Pesada<\/h1>\t\t\t\t<\/div>\n\t\t\t\t<\/div>\n\t\t\t\t\t<\/div>\n\t\t\t\t<\/div>\n\t\t<div class=\"elementor-element elementor-element-ac5a402 e-flex e-con-boxed e-con e-parent\" data-id=\"ac5a402\" data-element_type=\"container\" data-settings=\"{&quot;background_background&quot;:&quot;classic&quot;}\">\n\t\t\t\t\t<div class=\"e-con-inner\">\n\t\t<div class=\"elementor-element elementor-element-c2f270d e-con-full e-flex e-con e-child\" data-id=\"c2f270d\" data-element_type=\"container\">\n\t\t\t\t<div class=\"elementor-element elementor-element-18af04e elementor-widget__width-initial elementor-widget-mobile__width-inherit elementor-widget-tablet__width-inherit elementor-widget elementor-widget-heading\" data-id=\"18af04e\" data-element_type=\"widget\" data-widget_type=\"heading.default\">\n\t\t\t\t\t<h2 class=\"elementor-heading-title elementor-size-default\">Nossas solu\u00e7\u00f5es<\/h2>\t\t\t\t<\/div>\n\t\t\t\t<div class=\"elementor-element elementor-element-637ea97 elementor-widget-divider--view-line elementor-widget elementor-widget-divider\" data-id=\"637ea97\" data-element_type=\"widget\" data-widget_type=\"divider.default\">\n\t\t\t\t\t\t\t<div class=\"elementor-divider\">\n\t\t\t<span class=\"elementor-divider-separator\">\n\t\t\t\t\t\t<\/span>\n\t\t<\/div>\n\t\t\t\t\t\t<\/div>\n\t\t\t\t<div class=\"elementor-element elementor-element-9bc8edc elementor-widget elementor-widget-heading\" data-id=\"9bc8edc\" data-element_type=\"widget\" data-widget_type=\"heading.default\">\n\t\t\t\t\t<h6 class=\"elementor-heading-title elementor-size-default\">Execu\u00e7\u00e3o de obras industriais de grande porte, com atua\u00e7\u00e3o em projetos Turn Key, Greenfield e\nBrownfield. A Engevale oferece solu\u00e7\u00f5es completas em infraestrutura, funda\u00e7\u00f5es, estruturas\nmet\u00e1licas e concreto pr\u00e9-moldado para os mais variados segmentos industriais.<\/h6>\t\t\t\t<\/div>\n\t\t<div class=\"elementor-element elementor-element-cabb5a0 e-con-full e-flex e-con e-child\" data-id=\"cabb5a0\" data-element_type=\"container\">\n\t\t<div class=\"elementor-element elementor-element-de0f6e8 e-con-full e-flex e-con e-child\" data-id=\"de0f6e8\" data-element_type=\"container\">\n\t\t\t\t<div class=\"elementor-element elementor-element-a328016 elementor-icon-list--layout-traditional elementor-list-item-link-full_width elementor-widget elementor-widget-icon-list\" data-id=\"a328016\" data-element_type=\"widget\" data-widget_type=\"icon-list.default\">\n\t\t\t\t\t\t\t<ul class=\"elementor-icon-list-items\">\n\t\t\t\t\t\t\t<li class=\"elementor-icon-list-item\">\n\t\t\t\t\t\t\t\t\t\t\t<span class=\"elementor-icon-list-icon\">\n\t\t\t\t\t\t\t<svg aria-hidden=\"true\" class=\"e-font-icon-svg e-fas-check-square\" viewBox=\"0 0 448 512\" xmlns=\"http:\/\/www.w3.org\/2000\/svg\"><path d=\"M400 480H48c-26.51 0-48-21.49-48-48V80c0-26.51 21.49-48 48-48h352c26.51 0 48 21.49 48 48v352c0 26.51-21.49 48-48 48zm-204.686-98.059l184-184c6.248-6.248 6.248-16.379 0-22.627l-22.627-22.627c-6.248-6.248-16.379-6.249-22.628 0L184 302.745l-70.059-70.059c-6.248-6.248-16.379-6.248-22.628 0l-22.627 22.627c-6.248 6.248-6.248 16.379 0 22.627l104 104c6.249 6.25 16.379 6.25 22.628.001z\"><\/path><\/svg>\t\t\t\t\t\t<\/span>\n\t\t\t\t\t\t\t\t\t\t<span class=\"elementor-icon-list-text\">Execu\u00e7\u00e3o de obras Turn Key, Greenfield e Brownfield<\/span>\n\t\t\t\t\t\t\t\t\t<\/li>\n\t\t\t\t\t\t\t\t<li class=\"elementor-icon-list-item\">\n\t\t\t\t\t\t\t\t\t\t\t<span class=\"elementor-icon-list-icon\">\n\t\t\t\t\t\t\t<svg aria-hidden=\"true\" class=\"e-font-icon-svg e-fas-check-square\" viewBox=\"0 0 448 512\" xmlns=\"http:\/\/www.w3.org\/2000\/svg\"><path d=\"M400 480H48c-26.51 0-48-21.49-48-48V80c0-26.51 21.49-48 48-48h352c26.51 0 48 21.49 48 48v352c0 26.51-21.49 48-48 48zm-204.686-98.059l184-184c6.248-6.248 6.248-16.379 0-22.627l-22.627-22.627c-6.248-6.248-16.379-6.249-22.628 0L184 302.745l-70.059-70.059c-6.248-6.248-16.379-6.248-22.628 0l-22.627 22.627c-6.248 6.248-6.248 16.379 0 22.627l104 104c6.249 6.25 16.379 6.25 22.628.001z\"><\/path><\/svg>\t\t\t\t\t\t<\/span>\n\t\t\t\t\t\t\t\t\t\t<span class=\"elementor-icon-list-text\">Terraplenagem<\/span>\n\t\t\t\t\t\t\t\t\t<\/li>\n\t\t\t\t\t\t\t\t<li class=\"elementor-icon-list-item\">\n\t\t\t\t\t\t\t\t\t\t\t<span class=\"elementor-icon-list-icon\">\n\t\t\t\t\t\t\t<svg aria-hidden=\"true\" class=\"e-font-icon-svg e-fas-check-square\" viewBox=\"0 0 448 512\" xmlns=\"http:\/\/www.w3.org\/2000\/svg\"><path d=\"M400 480H48c-26.51 0-48-21.49-48-48V80c0-26.51 21.49-48 48-48h352c26.51 0 48 21.49 48 48v352c0 26.51-21.49 48-48 48zm-204.686-98.059l184-184c6.248-6.248 6.248-16.379 0-22.627l-22.627-22.627c-6.248-6.248-16.379-6.249-22.628 0L184 302.745l-70.059-70.059c-6.248-6.248-16.379-6.248-22.628 0l-22.627 22.627c-6.248 6.248-6.248 16.379 0 22.627l104 104c6.249 6.25 16.379 6.25 22.628.001z\"><\/path><\/svg>\t\t\t\t\t\t<\/span>\n\t\t\t\t\t\t\t\t\t\t<span class=\"elementor-icon-list-text\">Pavimenta\u00e7\u00e3o<\/span>\n\t\t\t\t\t\t\t\t\t<\/li>\n\t\t\t\t\t\t\t\t<li class=\"elementor-icon-list-item\">\n\t\t\t\t\t\t\t\t\t\t\t<span class=\"elementor-icon-list-icon\">\n\t\t\t\t\t\t\t<svg aria-hidden=\"true\" class=\"e-font-icon-svg e-fas-check-square\" viewBox=\"0 0 448 512\" xmlns=\"http:\/\/www.w3.org\/2000\/svg\"><path d=\"M400 480H48c-26.51 0-48-21.49-48-48V80c0-26.51 21.49-48 48-48h352c26.51 0 48 21.49 48 48v352c0 26.51-21.49 48-48 48zm-204.686-98.059l184-184c6.248-6.248 6.248-16.379 0-22.627l-22.627-22.627c-6.248-6.248-16.379-6.249-22.628 0L184 302.745l-70.059-70.059c-6.248-6.248-16.379-6.248-22.628 0l-22.627 22.627c-6.248 6.248-6.248 16.379 0 22.627l104 104c6.249 6.25 16.379 6.25 22.628.001z\"><\/path><\/svg>\t\t\t\t\t\t<\/span>\n\t\t\t\t\t\t\t\t\t\t<span class=\"elementor-icon-list-text\">Galerias e drenagem<\/span>\n\t\t\t\t\t\t\t\t\t<\/li>\n\t\t\t\t\t\t\t\t<li class=\"elementor-icon-list-item\">\n\t\t\t\t\t\t\t\t\t\t\t<span class=\"elementor-icon-list-icon\">\n\t\t\t\t\t\t\t<svg aria-hidden=\"true\" class=\"e-font-icon-svg e-fas-check-square\" viewBox=\"0 0 448 512\" xmlns=\"http:\/\/www.w3.org\/2000\/svg\"><path d=\"M400 480H48c-26.51 0-48-21.49-48-48V80c0-26.51 21.49-48 48-48h352c26.51 0 48 21.49 48 48v352c0 26.51-21.49 48-48 48zm-204.686-98.059l184-184c6.248-6.248 6.248-16.379 0-22.627l-22.627-22.627c-6.248-6.248-16.379-6.249-22.628 0L184 302.745l-70.059-70.059c-6.248-6.248-16.379-6.248-22.628 0l-22.627 22.627c-6.248 6.248-6.248 16.379 0 22.627l104 104c6.249 6.25 16.379 6.25 22.628.001z\"><\/path><\/svg>\t\t\t\t\t\t<\/span>\n\t\t\t\t\t\t\t\t\t\t<span class=\"elementor-icon-list-text\">Galp\u00f5es industriais<\/span>\n\t\t\t\t\t\t\t\t\t<\/li>\n\t\t\t\t\t\t\t\t<li class=\"elementor-icon-list-item\">\n\t\t\t\t\t\t\t\t\t\t\t<span class=\"elementor-icon-list-icon\">\n\t\t\t\t\t\t\t<svg aria-hidden=\"true\" class=\"e-font-icon-svg e-fas-check-square\" viewBox=\"0 0 448 512\" xmlns=\"http:\/\/www.w3.org\/2000\/svg\"><path d=\"M400 480H48c-26.51 0-48-21.49-48-48V80c0-26.51 21.49-48 48-48h352c26.51 0 48 21.49 48 48v352c0 26.51-21.49 48-48 48zm-204.686-98.059l184-184c6.248-6.248 6.248-16.379 0-22.627l-22.627-22.627c-6.248-6.248-16.379-6.249-22.628 0L184 302.745l-70.059-70.059c-6.248-6.248-16.379-6.248-22.628 0l-22.627 22.627c-6.248 6.248-6.248 16.379 0 22.627l104 104c6.249 6.25 16.379 6.25 22.628.001z\"><\/path><\/svg>\t\t\t\t\t\t<\/span>\n\t\t\t\t\t\t\t\t\t\t<span class=\"elementor-icon-list-text\">Constru\u00e7\u00e3o em pr\u00e9-moldado de concreto<\/span>\n\t\t\t\t\t\t\t\t\t<\/li>\n\t\t\t\t\t\t\t\t<li class=\"elementor-icon-list-item\">\n\t\t\t\t\t\t\t\t\t\t\t<span class=\"elementor-icon-list-icon\">\n\t\t\t\t\t\t\t<svg aria-hidden=\"true\" class=\"e-font-icon-svg e-fas-check-square\" viewBox=\"0 0 448 512\" xmlns=\"http:\/\/www.w3.org\/2000\/svg\"><path d=\"M400 480H48c-26.51 0-48-21.49-48-48V80c0-26.51 21.49-48 48-48h352c26.51 0 48 21.49 48 48v352c0 26.51-21.49 48-48 48zm-204.686-98.059l184-184c6.248-6.248 6.248-16.379 0-22.627l-22.627-22.627c-6.248-6.248-16.379-6.249-22.628 0L184 302.745l-70.059-70.059c-6.248-6.248-16.379-6.248-22.628 0l-22.627 22.627c-6.248 6.248-6.248 16.379 0 22.627l104 104c6.249 6.25 16.379 6.25 22.628.001z\"><\/path><\/svg>\t\t\t\t\t\t<\/span>\n\t\t\t\t\t\t\t\t\t\t<span class=\"elementor-icon-list-text\">Constru\u00e7\u00e3o em estruturas met\u00e1licas<\/span>\n\t\t\t\t\t\t\t\t\t<\/li>\n\t\t\t\t\t\t\t\t<li class=\"elementor-icon-list-item\">\n\t\t\t\t\t\t\t\t\t\t\t<span class=\"elementor-icon-list-icon\">\n\t\t\t\t\t\t\t<svg aria-hidden=\"true\" class=\"e-font-icon-svg e-fas-check-square\" viewBox=\"0 0 448 512\" xmlns=\"http:\/\/www.w3.org\/2000\/svg\"><path d=\"M400 480H48c-26.51 0-48-21.49-48-48V80c0-26.51 21.49-48 48-48h352c26.51 0 48 21.49 48 48v352c0 26.51-21.49 48-48 48zm-204.686-98.059l184-184c6.248-6.248 6.248-16.379 0-22.627l-22.627-22.627c-6.248-6.248-16.379-6.249-22.628 0L184 302.745l-70.059-70.059c-6.248-6.248-16.379-6.248-22.628 0l-22.627 22.627c-6.248 6.248-6.248 16.379 0 22.627l104 104c6.249 6.25 16.379 6.25 22.628.001z\"><\/path><\/svg>\t\t\t\t\t\t<\/span>\n\t\t\t\t\t\t\t\t\t\t<span class=\"elementor-icon-list-text\">Infraestrutura de sites<\/span>\n\t\t\t\t\t\t\t\t\t<\/li>\n\t\t\t\t\t\t\t\t<li class=\"elementor-icon-list-item\">\n\t\t\t\t\t\t\t\t\t\t\t<span class=\"elementor-icon-list-icon\">\n\t\t\t\t\t\t\t<svg aria-hidden=\"true\" class=\"e-font-icon-svg e-fas-check-square\" viewBox=\"0 0 448 512\" xmlns=\"http:\/\/www.w3.org\/2000\/svg\"><path d=\"M400 480H48c-26.51 0-48-21.49-48-48V80c0-26.51 21.49-48 48-48h352c26.51 0 48 21.49 48 48v352c0 26.51-21.49 48-48 48zm-204.686-98.059l184-184c6.248-6.248 6.248-16.379 0-22.627l-22.627-22.627c-6.248-6.248-16.379-6.249-22.628 0L184 302.745l-70.059-70.059c-6.248-6.248-16.379-6.248-22.628 0l-22.627 22.627c-6.248 6.248-6.248 16.379 0 22.627l104 104c6.249 6.25 16.379 6.25 22.628.001z\"><\/path><\/svg>\t\t\t\t\t\t<\/span>\n\t\t\t\t\t\t\t\t\t\t<span class=\"elementor-icon-list-text\">Recupera\u00e7\u00e3o estrutural<\/span>\n\t\t\t\t\t\t\t\t\t<\/li>\n\t\t\t\t\t\t<\/ul>\n\t\t\t\t\t\t<\/div>\n\t\t\t\t<\/div>\n\t\t\t\t<\/div>\n\t\t\t\t<\/div>\n\t\t<div class=\"elementor-element elementor-element-bfd6750 e-con-full e-flex e-con e-child\" data-id=\"bfd6750\" data-element_type=\"container\">\n\t\t\t\t<div class=\"elementor-element elementor-element-8af6c20 elementor-hidden-mobile elementor-widget elementor-widget-image\" data-id=\"8af6c20\" data-element_type=\"widget\" data-widget_type=\"image.default\">\n\t\t\t\t\t\t\t\t\t\t\t\t\t\t\t<img fetchpriority=\"high\" decoding=\"async\" width=\"1280\" height=\"2236\" src=\"https:\/\/engevale.com\/site\/wp-content\/uploads\/2025\/07\/Sessao-6.webp\" class=\"attachment-full size-full wp-image-1185\" alt=\"\" srcset=\"https:\/\/engevale.com\/site\/wp-content\/uploads\/2025\/07\/Sessao-6.webp 1280w, https:\/\/engevale.com\/site\/wp-content\/uploads\/2025\/07\/Sessao-6-172x300.webp 172w, https:\/\/engevale.com\/site\/wp-content\/uploads\/2025\/07\/Sessao-6-586x1024.webp 586w, https:\/\/engevale.com\/site\/wp-content\/uploads\/2025\/07\/Sessao-6-768x1342.webp 768w, https:\/\/engevale.com\/site\/wp-content\/uploads\/2025\/07\/Sessao-6-879x1536.webp 879w, https:\/\/engevale.com\/site\/wp-content\/uploads\/2025\/07\/Sessao-6-1172x2048.webp 1172w\" sizes=\"(max-width: 1280px) 100vw, 1280px\" \/>\t\t\t\t\t\t\t\t\t\t\t\t\t\t\t<\/div>\n\t\t\t\t<\/div>\n\t\t\t\t\t<\/div>\n\t\t\t\t<\/div>\n\t\t<div class=\"elementor-element elementor-element-64c668b e-flex e-con-boxed e-con e-parent\" data-id=\"64c668b\" data-element_type=\"container\" data-settings=\"{&quot;background_background&quot;:&quot;classic&quot;}\">\n\t\t\t\t\t<div class=\"e-con-inner\">\n\t\t\t\t<div class=\"elementor-element elementor-element-7f0ce4c elementor-widget elementor-widget-gallery\" data-id=\"7f0ce4c\" data-element_type=\"widget\" data-settings=\"{&quot;gallery_layout&quot;:&quot;masonry&quot;,&quot;columns&quot;:3,&quot;gap&quot;:{&quot;unit&quot;:&quot;px&quot;,&quot;size&quot;:20,&quot;sizes&quot;:[]},&quot;lazyload&quot;:&quot;yes&quot;,&quot;columns_tablet&quot;:2,&quot;columns_mobile&quot;:1,&quot;gap_tablet&quot;:{&quot;unit&quot;:&quot;px&quot;,&quot;size&quot;:10,&quot;sizes&quot;:[]},&quot;gap_mobile&quot;:{&quot;unit&quot;:&quot;px&quot;,&quot;size&quot;:10,&quot;sizes&quot;:[]},&quot;link_to&quot;:&quot;file&quot;,&quot;overlay_background&quot;:&quot;yes&quot;,&quot;content_hover_animation&quot;:&quot;fade-in&quot;}\" data-widget_type=\"gallery.default\">\n\t\t\t\t\t\t\t<div class=\"elementor-gallery__container\">\n\t\t\t\t\t\t\t<a class=\"e-gallery-item elementor-gallery-item elementor-animated-content\" href=\"https:\/\/engevale.com\/site\/wp-content\/uploads\/2025\/07\/Foto-pagina-27-6-copy.webp\" data-elementor-open-lightbox=\"yes\" data-elementor-lightbox-slideshow=\"7f0ce4c\" data-elementor-lightbox-title=\"Imagem-67\" data-e-action-hash=\"#elementor-action%3Aaction%3Dlightbox%26settings%3DeyJpZCI6MTE4NywidXJsIjoiaHR0cHM6XC9cL2VuZ2V2YWxlLmNvbVwvc2l0ZVwvd3AtY29udGVudFwvdXBsb2Fkc1wvMjAyNVwvMDdcL0ZvdG8tcGFnaW5hLTI3LTYtY29weS53ZWJwIiwic2xpZGVzaG93IjoiN2YwY2U0YyJ9\">\n\t\t\t\t\t<div class=\"e-gallery-image elementor-gallery-item__image\" data-thumbnail=\"https:\/\/engevale.com\/site\/wp-content\/uploads\/2025\/07\/Foto-pagina-27-6-copy.webp\" data-width=\"1280\" data-height=\"960\" aria-label=\"\" role=\"img\" ><\/div>\n\t\t\t\t\t\t\t\t\t\t\t<div class=\"elementor-gallery-item__overlay\"><\/div>\n\t\t\t\t\t\t\t\t\t\t\t\t\t\t<\/a>\n\t\t\t\t\t\t\t<a class=\"e-gallery-item elementor-gallery-item elementor-animated-content\" href=\"https:\/\/engevale.com\/site\/wp-content\/uploads\/2025\/07\/Foto-pagina-27-5-copy.webp\" data-elementor-open-lightbox=\"yes\" data-elementor-lightbox-slideshow=\"7f0ce4c\" data-elementor-lightbox-title=\"Imagem-66\" data-e-action-hash=\"#elementor-action%3Aaction%3Dlightbox%26settings%3DeyJpZCI6MTE4OCwidXJsIjoiaHR0cHM6XC9cL2VuZ2V2YWxlLmNvbVwvc2l0ZVwvd3AtY29udGVudFwvdXBsb2Fkc1wvMjAyNVwvMDdcL0ZvdG8tcGFnaW5hLTI3LTUtY29weS53ZWJwIiwic2xpZGVzaG93IjoiN2YwY2U0YyJ9\">\n\t\t\t\t\t<div class=\"e-gallery-image elementor-gallery-item__image\" data-thumbnail=\"https:\/\/engevale.com\/site\/wp-content\/uploads\/2025\/07\/Foto-pagina-27-5-copy.webp\" data-width=\"1280\" data-height=\"960\" aria-label=\"\" role=\"img\" ><\/div>\n\t\t\t\t\t\t\t\t\t\t\t<div class=\"elementor-gallery-item__overlay\"><\/div>\n\t\t\t\t\t\t\t\t\t\t\t\t\t\t<\/a>\n\t\t\t\t\t\t\t<a class=\"e-gallery-item elementor-gallery-item elementor-animated-content\" href=\"https:\/\/engevale.com\/site\/wp-content\/uploads\/2025\/07\/Foto-pagina-27-4-copy.webp\" data-elementor-open-lightbox=\"yes\" data-elementor-lightbox-slideshow=\"7f0ce4c\" data-elementor-lightbox-title=\"Imagem-65\" data-e-action-hash=\"#elementor-action%3Aaction%3Dlightbox%26settings%3DeyJpZCI6MTE4OSwidXJsIjoiaHR0cHM6XC9cL2VuZ2V2YWxlLmNvbVwvc2l0ZVwvd3AtY29udGVudFwvdXBsb2Fkc1wvMjAyNVwvMDdcL0ZvdG8tcGFnaW5hLTI3LTQtY29weS53ZWJwIiwic2xpZGVzaG93IjoiN2YwY2U0YyJ9\">\n\t\t\t\t\t<div class=\"e-gallery-image elementor-gallery-item__image\" data-thumbnail=\"https:\/\/engevale.com\/site\/wp-content\/uploads\/2025\/07\/Foto-pagina-27-4-copy.webp\" data-width=\"1280\" data-height=\"960\" aria-label=\"\" role=\"img\" ><\/div>\n\t\t\t\t\t\t\t\t\t\t\t<div class=\"elementor-gallery-item__overlay\"><\/div>\n\t\t\t\t\t\t\t\t\t\t\t\t\t\t<\/a>\n\t\t\t\t\t\t\t<a class=\"e-gallery-item elementor-gallery-item elementor-animated-content\" href=\"https:\/\/engevale.com\/site\/wp-content\/uploads\/2025\/07\/Foto-pagina-27-2-copy.webp\" data-elementor-open-lightbox=\"yes\" data-elementor-lightbox-slideshow=\"7f0ce4c\" data-elementor-lightbox-title=\"Imagem-64\" data-e-action-hash=\"#elementor-action%3Aaction%3Dlightbox%26settings%3DeyJpZCI6MTE5MCwidXJsIjoiaHR0cHM6XC9cL2VuZ2V2YWxlLmNvbVwvc2l0ZVwvd3AtY29udGVudFwvdXBsb2Fkc1wvMjAyNVwvMDdcL0ZvdG8tcGFnaW5hLTI3LTItY29weS53ZWJwIiwic2xpZGVzaG93IjoiN2YwY2U0YyJ9\">\n\t\t\t\t\t<div class=\"e-gallery-image elementor-gallery-item__image\" data-thumbnail=\"https:\/\/engevale.com\/site\/wp-content\/uploads\/2025\/07\/Foto-pagina-27-2-copy.webp\" data-width=\"1280\" data-height=\"960\" aria-label=\"\" role=\"img\" ><\/div>\n\t\t\t\t\t\t\t\t\t\t\t<div class=\"elementor-gallery-item__overlay\"><\/div>\n\t\t\t\t\t\t\t\t\t\t\t\t\t\t<\/a>\n\t\t\t\t\t\t\t<a class=\"e-gallery-item elementor-gallery-item elementor-animated-content\" href=\"https:\/\/engevale.com\/site\/wp-content\/uploads\/2025\/07\/Foto-pagina-27-3-copy.webp\" data-elementor-open-lightbox=\"yes\" data-elementor-lightbox-slideshow=\"7f0ce4c\" data-elementor-lightbox-title=\"Imagem-63\" data-e-action-hash=\"#elementor-action%3Aaction%3Dlightbox%26settings%3DeyJpZCI6MTE5MSwidXJsIjoiaHR0cHM6XC9cL2VuZ2V2YWxlLmNvbVwvc2l0ZVwvd3AtY29udGVudFwvdXBsb2Fkc1wvMjAyNVwvMDdcL0ZvdG8tcGFnaW5hLTI3LTMtY29weS53ZWJwIiwic2xpZGVzaG93IjoiN2YwY2U0YyJ9\">\n\t\t\t\t\t<div class=\"e-gallery-image elementor-gallery-item__image\" data-thumbnail=\"https:\/\/engevale.com\/site\/wp-content\/uploads\/2025\/07\/Foto-pagina-27-3-copy.webp\" data-width=\"1280\" data-height=\"960\" aria-label=\"\" role=\"img\" ><\/div>\n\t\t\t\t\t\t\t\t\t\t\t<div class=\"elementor-gallery-item__overlay\"><\/div>\n\t\t\t\t\t\t\t\t\t\t\t\t\t\t<\/a>\n\t\t\t\t\t\t\t<a class=\"e-gallery-item elementor-gallery-item elementor-animated-content\" href=\"https:\/\/engevale.com\/site\/wp-content\/uploads\/2025\/07\/Foto-pagina-27-1-copy.webp\" data-elementor-open-lightbox=\"yes\" data-elementor-lightbox-slideshow=\"7f0ce4c\" data-elementor-lightbox-title=\"Imagem-62\" data-e-action-hash=\"#elementor-action%3Aaction%3Dlightbox%26settings%3DeyJpZCI6MTE5MiwidXJsIjoiaHR0cHM6XC9cL2VuZ2V2YWxlLmNvbVwvc2l0ZVwvd3AtY29udGVudFwvdXBsb2Fkc1wvMjAyNVwvMDdcL0ZvdG8tcGFnaW5hLTI3LTEtY29weS53ZWJwIiwic2xpZGVzaG93IjoiN2YwY2U0YyJ9\">\n\t\t\t\t\t<div class=\"e-gallery-image elementor-gallery-item__image\" data-thumbnail=\"https:\/\/engevale.com\/site\/wp-content\/uploads\/2025\/07\/Foto-pagina-27-1-copy.webp\" data-width=\"1280\" data-height=\"960\" aria-label=\"\" role=\"img\" ><\/div>\n\t\t\t\t\t\t\t\t\t\t\t<div class=\"elementor-gallery-item__overlay\"><\/div>\n\t\t\t\t\t\t\t\t\t\t\t\t\t\t<\/a>\n\t\t\t\t\t<\/div>\n\t\t\t\t\t<\/div>\n\t\t\t\t\t<\/div>\n\t\t\t\t<\/div>\n\t\t<div class=\"elementor-element elementor-element-8e954cf e-flex e-con-boxed e-con e-parent\" data-id=\"8e954cf\" data-element_type=\"container\" data-settings=\"{&quot;background_background&quot;:&quot;classic&quot;}\">\n\t\t\t\t\t<div class=\"e-con-inner\">\n\t\t<div class=\"elementor-element elementor-element-c30b607 e-con-full e-flex e-con e-child\" data-id=\"c30b607\" data-element_type=\"container\">\n\t\t<div class=\"elementor-element elementor-element-43b67c1 e-con-full e-flex e-con e-child\" data-id=\"43b67c1\" data-element_type=\"container\">\n\t\t\t\t\t<div class=\"e-svg-base e-5f33abb-9457f71\" ><svg xmlns=\"http:\/\/www.w3.org\/2000\/svg\" style=\"width: 100%; height: 100%; overflow: unset;\" width=\"25\" height=\"7\" viewBox=\"0 0 25 7\" fill=\"currentColor\"><rect width=\"25\" height=\"7\" rx=\"3.5\" fill=\"#FF0000\"><\/rect><\/svg><\/div>\t\t\t\t<div class=\"elementor-element elementor-element-689d90e elementor-widget elementor-widget-heading\" data-id=\"689d90e\" data-element_type=\"widget\" data-widget_type=\"heading.default\">\n\t\t\t\t\t<h2 class=\"elementor-heading-title elementor-size-default\">Contato<\/h2>\t\t\t\t<\/div>\n\t\t\t\t<\/div>\n\t\t\t\t<div class=\"elementor-element elementor-element-2504ad8 elementor-widget__width-initial elementor-widget-mobile__width-inherit elementor-widget elementor-widget-text-editor\" data-id=\"2504ad8\" data-element_type=\"widget\" data-widget_type=\"text-editor.default\">\n\t\t\t\t\t\t\t\t\t<p>A Engevale Engenharia se coloca \u00e0 disposi\u00e7\u00e3o para entender e atender as demandas de sua empresa nas mais diversas \u00e1reas da engenharia.<\/p><p>Se voc\u00ea busca solu\u00e7\u00f5es t\u00e9cnicas especializadas, precisas e alinhadas \u00e0s melhores pr\u00e1ticas, entre agora mesmo em contato conosco.<\/p><p>N\u00f3s queremos e podemos\u00a0te\u00a0ajudar!<\/p>\t\t\t\t\t\t\t\t<\/div>\n\t\t\t\t<\/div>\n\t\t<div class=\"elementor-element elementor-element-d72fed9 e-con-full e-flex e-con e-child\" data-id=\"d72fed9\" data-element_type=\"container\">\n\t\t<div class=\"elementor-element elementor-element-029d7aa e-con-full e-flex e-con e-child\" data-id=\"029d7aa\" data-element_type=\"container\">\n\t\t\t\t<div class=\"elementor-element elementor-element-587353b elementor-button-align-start elementor-widget elementor-widget-form\" data-id=\"587353b\" data-element_type=\"widget\" data-settings=\"{&quot;step_next_label&quot;:&quot;Next&quot;,&quot;step_previous_label&quot;:&quot;Previous&quot;,&quot;button_width&quot;:&quot;100&quot;,&quot;step_type&quot;:&quot;number_text&quot;,&quot;step_icon_shape&quot;:&quot;circle&quot;}\" data-widget_type=\"form.default\">\n\t\t\t\t\t\t\t<form class=\"elementor-form\" method=\"post\" name=\"New Form\" aria-label=\"New Form\">\n\t\t\t<input type=\"hidden\" name=\"post_id\" value=\"818\"\/>\n\t\t\t<input type=\"hidden\" name=\"form_id\" value=\"587353b\"\/>\n\t\t\t<input type=\"hidden\" name=\"referer_title\" value=\"Constru\u00e7\u00e3o Civil Pesada\" \/>\n\n\t\t\t\t\t\t\t<input type=\"hidden\" name=\"queried_id\" value=\"818\"\/>\n\t\t\t\n\t\t\t<div class=\"elementor-form-fields-wrapper elementor-labels-above\">\n\t\t\t\t\t\t\t\t<div class=\"elementor-field-type-text elementor-field-group elementor-column elementor-field-group-name elementor-col-50\">\n\t\t\t\t\t\t\t\t\t\t\t\t\t<input size=\"1\" type=\"text\" name=\"form_fields[name]\" id=\"form-field-name\" class=\"elementor-field elementor-size-sm  elementor-field-textual\" placeholder=\"Seu Nome *\">\n\t\t\t\t\t\t\t\t\t\t\t<\/div>\n\t\t\t\t\t\t\t\t<div class=\"elementor-field-type-email elementor-field-group elementor-column elementor-field-group-field_2aabdb7 elementor-col-50\">\n\t\t\t\t\t\t\t\t\t\t\t\t\t<input size=\"1\" type=\"email\" name=\"form_fields[field_2aabdb7]\" id=\"form-field-field_2aabdb7\" class=\"elementor-field elementor-size-sm  elementor-field-textual\" placeholder=\"Seu E-mail *\">\n\t\t\t\t\t\t\t\t\t\t\t<\/div>\n\t\t\t\t\t\t\t\t<div class=\"elementor-field-type-tel elementor-field-group elementor-column elementor-field-group-field_11330f4 elementor-col-50\">\n\t\t\t\t\t\t\t<input size=\"1\" type=\"tel\" name=\"form_fields[field_11330f4]\" id=\"form-field-field_11330f4\" class=\"elementor-field elementor-size-sm  elementor-field-textual\" placeholder=\"Telefone *\" pattern=\"[0-9()#&amp;+*-=.]+\" title=\"Only numbers and phone characters (#, -, *, etc) are accepted.\">\n\n\t\t\t\t\t\t<\/div>\n\t\t\t\t\t\t\t\t<div class=\"elementor-field-type-text elementor-field-group elementor-column elementor-field-group-email elementor-col-50 elementor-field-required\">\n\t\t\t\t\t\t\t\t\t\t\t\t\t<input size=\"1\" type=\"text\" name=\"form_fields[email]\" id=\"form-field-email\" class=\"elementor-field elementor-size-sm  elementor-field-textual\" placeholder=\"Assunto *\" required=\"required\">\n\t\t\t\t\t\t\t\t\t\t\t<\/div>\n\t\t\t\t\t\t\t\t<div class=\"elementor-field-type-textarea elementor-field-group elementor-column elementor-field-group-message elementor-col-100\">\n\t\t\t\t\t<textarea class=\"elementor-field-textual elementor-field  elementor-size-sm\" name=\"form_fields[message]\" id=\"form-field-message\" rows=\"4\" placeholder=\"Mensagem\"><\/textarea>\t\t\t\t<\/div>\n\t\t\t\t\t\t\t\t<div class=\"elementor-field-group elementor-column elementor-field-type-submit elementor-col-100 e-form__buttons\">\n\t\t\t\t\t<button class=\"elementor-button elementor-size-sm\" type=\"submit\">\n\t\t\t\t\t\t<span class=\"elementor-button-content-wrapper\">\n\t\t\t\t\t\t\t\t\t\t\t\t\t\t\t\t\t\t\t\t\t\t<span class=\"elementor-button-text\">ENVIAR<\/span>\n\t\t\t\t\t\t\t\t\t\t\t\t\t<\/span>\n\t\t\t\t\t<\/button>\n\t\t\t\t<\/div>\n\t\t\t<\/div>\n\t\t<\/form>\n\t\t\t\t\t\t<\/div>\n\t\t\t\t<\/div>\n\t\t\t\t<\/div>\n\t\t\t\t\t<\/div>\n\t\t\t\t<\/div>\n\t\t\t\t<\/div>\n\t\t","protected":false},"excerpt":{"rendered":"<p>Constru\u00e7\u00e3o Civil Pesada Nossas solu\u00e7\u00f5es Execu\u00e7\u00e3o de obras industriais de grande porte, com atua\u00e7\u00e3o em projetos Turn Key, Greenfield e Brownfield. A Engevale oferece solu\u00e7\u00f5es completas em infraestrutura, funda\u00e7\u00f5es, estruturas met\u00e1licas e concreto pr\u00e9-moldado para os mais variados segmentos industriais. Execu\u00e7\u00e3o de obras Turn Key, Greenfield e Brownfield Terraplenagem Pavimenta\u00e7\u00e3o Galerias e drenagem Galp\u00f5es industriais [&hellip;]<\/p>\n","protected":false},"author":1,"featured_media":0,"parent":0,"menu_order":0,"comment_status":"closed","ping_status":"closed","template":"","meta":{"footnotes":""},"class_list":["post-818","page","type-page","status-publish","hentry"],"_links":{"self":[{"href":"https:\/\/engevale.com\/site\/wp-json\/wp\/v2\/pages\/818","targetHints":{"allow":["GET"]}}],"collection":[{"href":"https:\/\/engevale.com\/site\/wp-json\/wp\/v2\/pages"}],"about":[{"href":"https:\/\/engevale.com\/site\/wp-json\/wp\/v2\/types\/page"}],"author":[{"embeddable":true,"href":"https:\/\/engevale.com\/site\/wp-json\/wp\/v2\/users\/1"}],"replies":[{"embeddable":true,"href":"https:\/\/engevale.com\/site\/wp-json\/wp\/v2\/comments?post=818"}],"version-history":[{"count":62,"href":"https:\/\/engevale.com\/site\/wp-json\/wp\/v2\/pages\/818\/revisions"}],"predecessor-version":[{"id":3431,"href":"https:\/\/engevale.com\/site\/wp-json\/wp\/v2\/pages\/818\/revisions\/3431"}],"wp:attachment":[{"href":"https:\/\/engevale.com\/site\/wp-json\/wp\/v2\/media?parent=818"}],"curies":[{"name":"wp","href":"https:\/\/api.w.org\/{rel}","templated":true}]}}