{"id":805,"date":"2025-07-02T15:55:06","date_gmt":"2025-07-02T15:55:06","guid":{"rendered":"https:\/\/engevale.danilolimadesign.com.br\/?page_id=805"},"modified":"2025-08-04T13:06:45","modified_gmt":"2025-08-04T16:06:45","slug":"caldeiraria","status":"publish","type":"page","link":"https:\/\/engevale.com\/site\/caldeiraria\/","title":{"rendered":"Caldeiraria Especializada"},"content":{"rendered":"\t\t<div data-elementor-type=\"wp-page\" data-elementor-id=\"805\" class=\"elementor elementor-805\" data-elementor-post-type=\"page\">\n\t\t\t\t<div class=\"elementor-element elementor-element-c401500 e-flex e-con-boxed e-con e-parent\" data-id=\"c401500\" data-element_type=\"container\" data-settings=\"{&quot;background_background&quot;:&quot;gradient&quot;,&quot;shape_divider_bottom&quot;:&quot;arrow&quot;}\">\n\t\t\t\t\t<div class=\"e-con-inner\">\n\t\t\t\t<div class=\"elementor-shape elementor-shape-bottom\" aria-hidden=\"true\" data-negative=\"false\">\n\t\t\t<svg xmlns=\"http:\/\/www.w3.org\/2000\/svg\" viewBox=\"0 0 700 10\" preserveAspectRatio=\"none\">\n\t<path class=\"elementor-shape-fill\" d=\"M350,10L340,0h20L350,10z\"\/>\n<\/svg>\t\t<\/div>\n\t\t<div class=\"elementor-element elementor-element-05c0f5d e-con-full e-flex e-con e-child\" data-id=\"05c0f5d\" data-element_type=\"container\">\n\t\t\t\t<div class=\"elementor-element elementor-element-0721ff8 elementor-widget elementor-widget-heading\" data-id=\"0721ff8\" data-element_type=\"widget\" data-widget_type=\"heading.default\">\n\t\t\t\t\t<h1 class=\"elementor-heading-title elementor-size-default\">Caldeiraria Especializada<\/h1>\t\t\t\t<\/div>\n\t\t\t\t<\/div>\n\t\t\t\t\t<\/div>\n\t\t\t\t<\/div>\n\t\t<div class=\"elementor-element elementor-element-ac5a402 e-flex e-con-boxed e-con e-parent\" data-id=\"ac5a402\" data-element_type=\"container\" data-settings=\"{&quot;background_background&quot;:&quot;classic&quot;}\">\n\t\t\t\t\t<div class=\"e-con-inner\">\n\t\t<div class=\"elementor-element elementor-element-c2f270d e-con-full e-flex e-con e-child\" data-id=\"c2f270d\" data-element_type=\"container\">\n\t\t\t\t<div class=\"elementor-element elementor-element-18af04e elementor-widget__width-initial elementor-widget-mobile__width-inherit elementor-widget-tablet__width-inherit elementor-widget elementor-widget-heading\" data-id=\"18af04e\" data-element_type=\"widget\" data-widget_type=\"heading.default\">\n\t\t\t\t\t<h2 class=\"elementor-heading-title elementor-size-default\">Nossas solu\u00e7\u00f5es<\/h2>\t\t\t\t<\/div>\n\t\t\t\t<div class=\"elementor-element elementor-element-637ea97 elementor-widget-divider--view-line elementor-widget elementor-widget-divider\" data-id=\"637ea97\" data-element_type=\"widget\" data-widget_type=\"divider.default\">\n\t\t\t\t\t\t\t<div class=\"elementor-divider\">\n\t\t\t<span class=\"elementor-divider-separator\">\n\t\t\t\t\t\t<\/span>\n\t\t<\/div>\n\t\t\t\t\t\t<\/div>\n\t\t\t\t<div class=\"elementor-element elementor-element-9bc8edc elementor-widget elementor-widget-heading\" data-id=\"9bc8edc\" data-element_type=\"widget\" data-widget_type=\"heading.default\">\n\t\t\t\t\t<h6 class=\"elementor-heading-title elementor-size-default\">Execu\u00e7\u00e3o completa de servi\u00e7os de caldeiraria industrial com alta precis\u00e3o, voltados \u00e0 fabrica\u00e7\u00e3o,\nmanuten\u00e7\u00e3o e recupera\u00e7\u00e3o de equipamentos e estruturas met\u00e1licas para ambientes industriais\nexigentes.<\/h6>\t\t\t\t<\/div>\n\t\t<div class=\"elementor-element elementor-element-cabb5a0 e-con-full e-flex e-con e-child\" data-id=\"cabb5a0\" data-element_type=\"container\">\n\t\t<div class=\"elementor-element elementor-element-de0f6e8 e-con-full e-flex e-con e-child\" data-id=\"de0f6e8\" data-element_type=\"container\">\n\t\t\t\t<div class=\"elementor-element elementor-element-a328016 elementor-icon-list--layout-traditional elementor-list-item-link-full_width elementor-widget elementor-widget-icon-list\" data-id=\"a328016\" data-element_type=\"widget\" data-widget_type=\"icon-list.default\">\n\t\t\t\t\t\t\t<ul class=\"elementor-icon-list-items\">\n\t\t\t\t\t\t\t<li class=\"elementor-icon-list-item\">\n\t\t\t\t\t\t\t\t\t\t\t<span class=\"elementor-icon-list-icon\">\n\t\t\t\t\t\t\t<svg aria-hidden=\"true\" class=\"e-font-icon-svg e-fas-check-square\" viewBox=\"0 0 448 512\" xmlns=\"http:\/\/www.w3.org\/2000\/svg\"><path d=\"M400 480H48c-26.51 0-48-21.49-48-48V80c0-26.51 21.49-48 48-48h352c26.51 0 48 21.49 48 48v352c0 26.51-21.49 48-48 48zm-204.686-98.059l184-184c6.248-6.248 6.248-16.379 0-22.627l-22.627-22.627c-6.248-6.248-16.379-6.249-22.628 0L184 302.745l-70.059-70.059c-6.248-6.248-16.379-6.248-22.628 0l-22.627 22.627c-6.248 6.248-6.248 16.379 0 22.627l104 104c6.249 6.25 16.379 6.25 22.628.001z\"><\/path><\/svg>\t\t\t\t\t\t<\/span>\n\t\t\t\t\t\t\t\t\t\t<span class=\"elementor-icon-list-text\">Caldeiraria e manuten\u00e7\u00e3o de equipamentos est\u00e1ticos e din\u00e2micos<\/span>\n\t\t\t\t\t\t\t\t\t<\/li>\n\t\t\t\t\t\t\t\t<li class=\"elementor-icon-list-item\">\n\t\t\t\t\t\t\t\t\t\t\t<span class=\"elementor-icon-list-icon\">\n\t\t\t\t\t\t\t<svg aria-hidden=\"true\" class=\"e-font-icon-svg e-fas-check-square\" viewBox=\"0 0 448 512\" xmlns=\"http:\/\/www.w3.org\/2000\/svg\"><path d=\"M400 480H48c-26.51 0-48-21.49-48-48V80c0-26.51 21.49-48 48-48h352c26.51 0 48 21.49 48 48v352c0 26.51-21.49 48-48 48zm-204.686-98.059l184-184c6.248-6.248 6.248-16.379 0-22.627l-22.627-22.627c-6.248-6.248-16.379-6.249-22.628 0L184 302.745l-70.059-70.059c-6.248-6.248-16.379-6.248-22.628 0l-22.627 22.627c-6.248 6.248-6.248 16.379 0 22.627l104 104c6.249 6.25 16.379 6.25 22.628.001z\"><\/path><\/svg>\t\t\t\t\t\t<\/span>\n\t\t\t\t\t\t\t\t\t\t<span class=\"elementor-icon-list-text\">Fabrica\u00e7\u00e3o, manuten\u00e7\u00e3o e recupera\u00e7\u00e3o de estruturas met\u00e1licas<\/span>\n\t\t\t\t\t\t\t\t\t<\/li>\n\t\t\t\t\t\t\t\t<li class=\"elementor-icon-list-item\">\n\t\t\t\t\t\t\t\t\t\t\t<span class=\"elementor-icon-list-icon\">\n\t\t\t\t\t\t\t<svg aria-hidden=\"true\" class=\"e-font-icon-svg e-fas-check-square\" viewBox=\"0 0 448 512\" xmlns=\"http:\/\/www.w3.org\/2000\/svg\"><path d=\"M400 480H48c-26.51 0-48-21.49-48-48V80c0-26.51 21.49-48 48-48h352c26.51 0 48 21.49 48 48v352c0 26.51-21.49 48-48 48zm-204.686-98.059l184-184c6.248-6.248 6.248-16.379 0-22.627l-22.627-22.627c-6.248-6.248-16.379-6.249-22.628 0L184 302.745l-70.059-70.059c-6.248-6.248-16.379-6.248-22.628 0l-22.627 22.627c-6.248 6.248-6.248 16.379 0 22.627l104 104c6.249 6.25 16.379 6.25 22.628.001z\"><\/path><\/svg>\t\t\t\t\t\t<\/span>\n\t\t\t\t\t\t\t\t\t\t<span class=\"elementor-icon-list-text\">Montagem de andaimes<\/span>\n\t\t\t\t\t\t\t\t\t<\/li>\n\t\t\t\t\t\t\t\t<li class=\"elementor-icon-list-item\">\n\t\t\t\t\t\t\t\t\t\t\t<span class=\"elementor-icon-list-icon\">\n\t\t\t\t\t\t\t<svg aria-hidden=\"true\" class=\"e-font-icon-svg e-fas-check-square\" viewBox=\"0 0 448 512\" xmlns=\"http:\/\/www.w3.org\/2000\/svg\"><path d=\"M400 480H48c-26.51 0-48-21.49-48-48V80c0-26.51 21.49-48 48-48h352c26.51 0 48 21.49 48 48v352c0 26.51-21.49 48-48 48zm-204.686-98.059l184-184c6.248-6.248 6.248-16.379 0-22.627l-22.627-22.627c-6.248-6.248-16.379-6.249-22.628 0L184 302.745l-70.059-70.059c-6.248-6.248-16.379-6.248-22.628 0l-22.627 22.627c-6.248 6.248-6.248 16.379 0 22.627l104 104c6.249 6.25 16.379 6.25 22.628.001z\"><\/path><\/svg>\t\t\t\t\t\t<\/span>\n\t\t\t\t\t\t\t\t\t\t<span class=\"elementor-icon-list-text\">Pintura e isolamento t\u00e9rmico<\/span>\n\t\t\t\t\t\t\t\t\t<\/li>\n\t\t\t\t\t\t\t\t<li class=\"elementor-icon-list-item\">\n\t\t\t\t\t\t\t\t\t\t\t<span class=\"elementor-icon-list-icon\">\n\t\t\t\t\t\t\t<svg aria-hidden=\"true\" class=\"e-font-icon-svg e-fas-check-square\" viewBox=\"0 0 448 512\" xmlns=\"http:\/\/www.w3.org\/2000\/svg\"><path d=\"M400 480H48c-26.51 0-48-21.49-48-48V80c0-26.51 21.49-48 48-48h352c26.51 0 48 21.49 48 48v352c0 26.51-21.49 48-48 48zm-204.686-98.059l184-184c6.248-6.248 6.248-16.379 0-22.627l-22.627-22.627c-6.248-6.248-16.379-6.249-22.628 0L184 302.745l-70.059-70.059c-6.248-6.248-16.379-6.248-22.628 0l-22.627 22.627c-6.248 6.248-6.248 16.379 0 22.627l104 104c6.249 6.25 16.379 6.25 22.628.001z\"><\/path><\/svg>\t\t\t\t\t\t<\/span>\n\t\t\t\t\t\t\t\t\t\t<span class=\"elementor-icon-list-text\">Fabrica\u00e7\u00e3o, manuten\u00e7\u00e3o, reparos, modifica\u00e7\u00f5es de equipamentos est\u00e1ticos, dutos, tubula\u00e7\u00e3o e skids industriais. <\/span>\n\t\t\t\t\t\t\t\t\t<\/li>\n\t\t\t\t\t\t<\/ul>\n\t\t\t\t\t\t<\/div>\n\t\t\t\t<div class=\"elementor-element elementor-element-e6a2a32 elementor-icon-list--layout-traditional elementor-list-item-link-full_width elementor-widget elementor-widget-icon-list\" data-id=\"e6a2a32\" data-element_type=\"widget\" data-widget_type=\"icon-list.default\">\n\t\t\t\t\t\t\t<ul class=\"elementor-icon-list-items\">\n\t\t\t\t\t\t\t<li class=\"elementor-icon-list-item\">\n\t\t\t\t\t\t\t\t\t\t\t<span class=\"elementor-icon-list-icon\">\n\t\t\t\t\t\t\t<svg aria-hidden=\"true\" class=\"e-font-icon-svg e-fas-check-square\" viewBox=\"0 0 448 512\" xmlns=\"http:\/\/www.w3.org\/2000\/svg\"><path d=\"M400 480H48c-26.51 0-48-21.49-48-48V80c0-26.51 21.49-48 48-48h352c26.51 0 48 21.49 48 48v352c0 26.51-21.49 48-48 48zm-204.686-98.059l184-184c6.248-6.248 6.248-16.379 0-22.627l-22.627-22.627c-6.248-6.248-16.379-6.249-22.628 0L184 302.745l-70.059-70.059c-6.248-6.248-16.379-6.248-22.628 0l-22.627 22.627c-6.248 6.248-6.248 16.379 0 22.627l104 104c6.249 6.25 16.379 6.25 22.628.001z\"><\/path><\/svg>\t\t\t\t\t\t<\/span>\n\t\t\t\t\t\t\t\t\t\t<span class=\"elementor-icon-list-text\">Pr\u00e9-fabrica\u00e7\u00e3o de spools<\/span>\n\t\t\t\t\t\t\t\t\t<\/li>\n\t\t\t\t\t\t\t\t<li class=\"elementor-icon-list-item\">\n\t\t\t\t\t\t\t\t\t\t\t<span class=\"elementor-icon-list-icon\">\n\t\t\t\t\t\t\t<svg aria-hidden=\"true\" class=\"e-font-icon-svg e-fas-check-square\" viewBox=\"0 0 448 512\" xmlns=\"http:\/\/www.w3.org\/2000\/svg\"><path d=\"M400 480H48c-26.51 0-48-21.49-48-48V80c0-26.51 21.49-48 48-48h352c26.51 0 48 21.49 48 48v352c0 26.51-21.49 48-48 48zm-204.686-98.059l184-184c6.248-6.248 6.248-16.379 0-22.627l-22.627-22.627c-6.248-6.248-16.379-6.249-22.628 0L184 302.745l-70.059-70.059c-6.248-6.248-16.379-6.248-22.628 0l-22.627 22.627c-6.248 6.248-6.248 16.379 0 22.627l104 104c6.249 6.25 16.379 6.25 22.628.001z\"><\/path><\/svg>\t\t\t\t\t\t<\/span>\n\t\t\t\t\t\t\t\t\t\t<span class=\"elementor-icon-list-text\">Torqueamento hidr\u00e1ulico<\/span>\n\t\t\t\t\t\t\t\t\t<\/li>\n\t\t\t\t\t\t\t\t<li class=\"elementor-icon-list-item\">\n\t\t\t\t\t\t\t\t\t\t\t<span class=\"elementor-icon-list-icon\">\n\t\t\t\t\t\t\t<svg aria-hidden=\"true\" class=\"e-font-icon-svg e-fas-check-square\" viewBox=\"0 0 448 512\" xmlns=\"http:\/\/www.w3.org\/2000\/svg\"><path d=\"M400 480H48c-26.51 0-48-21.49-48-48V80c0-26.51 21.49-48 48-48h352c26.51 0 48 21.49 48 48v352c0 26.51-21.49 48-48 48zm-204.686-98.059l184-184c6.248-6.248 6.248-16.379 0-22.627l-22.627-22.627c-6.248-6.248-16.379-6.249-22.628 0L184 302.745l-70.059-70.059c-6.248-6.248-16.379-6.248-22.628 0l-22.627 22.627c-6.248 6.248-6.248 16.379 0 22.627l104 104c6.249 6.25 16.379 6.25 22.628.001z\"><\/path><\/svg>\t\t\t\t\t\t<\/span>\n\t\t\t\t\t\t\t\t\t\t<span class=\"elementor-icon-list-text\">Soldagens especiais<\/span>\n\t\t\t\t\t\t\t\t\t<\/li>\n\t\t\t\t\t\t<\/ul>\n\t\t\t\t\t\t<\/div>\n\t\t\t\t<\/div>\n\t\t\t\t<\/div>\n\t\t\t\t<\/div>\n\t\t<div class=\"elementor-element elementor-element-bfd6750 e-con-full e-flex e-con e-child\" data-id=\"bfd6750\" data-element_type=\"container\">\n\t\t\t\t<div class=\"elementor-element elementor-element-8af6c20 elementor-hidden-mobile elementor-widget elementor-widget-image\" data-id=\"8af6c20\" data-element_type=\"widget\" data-widget_type=\"image.default\">\n\t\t\t\t\t\t\t\t\t\t\t\t\t\t\t<img fetchpriority=\"high\" decoding=\"async\" width=\"1280\" height=\"2236\" src=\"https:\/\/engevale.com\/site\/wp-content\/uploads\/2025\/07\/Sessao-5-2.webp\" class=\"attachment-full size-full wp-image-1170\" alt=\"\" srcset=\"https:\/\/engevale.com\/site\/wp-content\/uploads\/2025\/07\/Sessao-5-2.webp 1280w, https:\/\/engevale.com\/site\/wp-content\/uploads\/2025\/07\/Sessao-5-2-172x300.webp 172w, https:\/\/engevale.com\/site\/wp-content\/uploads\/2025\/07\/Sessao-5-2-586x1024.webp 586w, https:\/\/engevale.com\/site\/wp-content\/uploads\/2025\/07\/Sessao-5-2-768x1342.webp 768w, https:\/\/engevale.com\/site\/wp-content\/uploads\/2025\/07\/Sessao-5-2-879x1536.webp 879w, https:\/\/engevale.com\/site\/wp-content\/uploads\/2025\/07\/Sessao-5-2-1172x2048.webp 1172w\" sizes=\"(max-width: 1280px) 100vw, 1280px\" \/>\t\t\t\t\t\t\t\t\t\t\t\t\t\t\t<\/div>\n\t\t\t\t<\/div>\n\t\t\t\t\t<\/div>\n\t\t\t\t<\/div>\n\t\t<div class=\"elementor-element elementor-element-7f14500 e-flex e-con-boxed e-con e-parent\" data-id=\"7f14500\" data-element_type=\"container\" data-settings=\"{&quot;background_background&quot;:&quot;classic&quot;}\">\n\t\t\t\t\t<div class=\"e-con-inner\">\n\t\t\t\t<div class=\"elementor-element elementor-element-b8610d5 elementor-widget elementor-widget-gallery\" data-id=\"b8610d5\" data-element_type=\"widget\" data-settings=\"{&quot;gallery_layout&quot;:&quot;masonry&quot;,&quot;columns&quot;:3,&quot;gap&quot;:{&quot;unit&quot;:&quot;px&quot;,&quot;size&quot;:20,&quot;sizes&quot;:[]},&quot;lazyload&quot;:&quot;yes&quot;,&quot;columns_tablet&quot;:2,&quot;columns_mobile&quot;:1,&quot;gap_tablet&quot;:{&quot;unit&quot;:&quot;px&quot;,&quot;size&quot;:10,&quot;sizes&quot;:[]},&quot;gap_mobile&quot;:{&quot;unit&quot;:&quot;px&quot;,&quot;size&quot;:10,&quot;sizes&quot;:[]},&quot;link_to&quot;:&quot;file&quot;,&quot;overlay_background&quot;:&quot;yes&quot;,&quot;content_hover_animation&quot;:&quot;fade-in&quot;}\" data-widget_type=\"gallery.default\">\n\t\t\t\t\t\t\t<div class=\"elementor-gallery__container\">\n\t\t\t\t\t\t\t<a class=\"e-gallery-item elementor-gallery-item elementor-animated-content\" href=\"https:\/\/engevale.com\/site\/wp-content\/uploads\/2025\/07\/Foto-pagina-26-copy.webp\" data-elementor-open-lightbox=\"yes\" data-elementor-lightbox-slideshow=\"b8610d5\" data-elementor-lightbox-title=\"Imagem-75\" data-e-action-hash=\"#elementor-action%3Aaction%3Dlightbox%26settings%3DeyJpZCI6MTE2NiwidXJsIjoiaHR0cHM6XC9cL2VuZ2V2YWxlLmNvbVwvc2l0ZVwvd3AtY29udGVudFwvdXBsb2Fkc1wvMjAyNVwvMDdcL0ZvdG8tcGFnaW5hLTI2LWNvcHkud2VicCIsInNsaWRlc2hvdyI6ImI4NjEwZDUifQ%3D%3D\">\n\t\t\t\t\t<div class=\"e-gallery-image elementor-gallery-item__image\" data-thumbnail=\"https:\/\/engevale.com\/site\/wp-content\/uploads\/2025\/07\/Foto-pagina-26-copy.webp\" data-width=\"1280\" data-height=\"960\" aria-label=\"\" role=\"img\" ><\/div>\n\t\t\t\t\t\t\t\t\t\t\t<div class=\"elementor-gallery-item__overlay\"><\/div>\n\t\t\t\t\t\t\t\t\t\t\t\t\t\t<\/a>\n\t\t\t\t\t\t\t<a class=\"e-gallery-item elementor-gallery-item elementor-animated-content\" href=\"https:\/\/engevale.com\/site\/wp-content\/uploads\/2025\/07\/Foto-pagina-26-1-copy.webp\" data-elementor-open-lightbox=\"yes\" data-elementor-lightbox-slideshow=\"b8610d5\" data-elementor-lightbox-title=\"Imagem-76\" data-e-action-hash=\"#elementor-action%3Aaction%3Dlightbox%26settings%3DeyJpZCI6MTE2NSwidXJsIjoiaHR0cHM6XC9cL2VuZ2V2YWxlLmNvbVwvc2l0ZVwvd3AtY29udGVudFwvdXBsb2Fkc1wvMjAyNVwvMDdcL0ZvdG8tcGFnaW5hLTI2LTEtY29weS53ZWJwIiwic2xpZGVzaG93IjoiYjg2MTBkNSJ9\">\n\t\t\t\t\t<div class=\"e-gallery-image elementor-gallery-item__image\" data-thumbnail=\"https:\/\/engevale.com\/site\/wp-content\/uploads\/2025\/07\/Foto-pagina-26-1-copy.webp\" data-width=\"1280\" data-height=\"960\" aria-label=\"\" role=\"img\" ><\/div>\n\t\t\t\t\t\t\t\t\t\t\t<div class=\"elementor-gallery-item__overlay\"><\/div>\n\t\t\t\t\t\t\t\t\t\t\t\t\t\t<\/a>\n\t\t\t\t\t\t\t<a class=\"e-gallery-item elementor-gallery-item elementor-animated-content\" href=\"https:\/\/engevale.com\/site\/wp-content\/uploads\/2025\/07\/Foto-pagina-26-3-copy.webp\" data-elementor-open-lightbox=\"yes\" data-elementor-lightbox-slideshow=\"b8610d5\" data-elementor-lightbox-title=\"Imagem-78\" data-e-action-hash=\"#elementor-action%3Aaction%3Dlightbox%26settings%3DeyJpZCI6MTE2MywidXJsIjoiaHR0cHM6XC9cL2VuZ2V2YWxlLmNvbVwvc2l0ZVwvd3AtY29udGVudFwvdXBsb2Fkc1wvMjAyNVwvMDdcL0ZvdG8tcGFnaW5hLTI2LTMtY29weS53ZWJwIiwic2xpZGVzaG93IjoiYjg2MTBkNSJ9\">\n\t\t\t\t\t<div class=\"e-gallery-image elementor-gallery-item__image\" data-thumbnail=\"https:\/\/engevale.com\/site\/wp-content\/uploads\/2025\/07\/Foto-pagina-26-3-copy.webp\" data-width=\"1280\" data-height=\"960\" aria-label=\"\" role=\"img\" ><\/div>\n\t\t\t\t\t\t\t\t\t\t\t<div class=\"elementor-gallery-item__overlay\"><\/div>\n\t\t\t\t\t\t\t\t\t\t\t\t\t\t<\/a>\n\t\t\t\t\t\t\t<a class=\"e-gallery-item elementor-gallery-item elementor-animated-content\" href=\"https:\/\/engevale.com\/site\/wp-content\/uploads\/2025\/07\/Foto-pagina-26-4-copy.webp\" data-elementor-open-lightbox=\"yes\" data-elementor-lightbox-slideshow=\"b8610d5\" data-elementor-lightbox-title=\"Imagem-79\" data-e-action-hash=\"#elementor-action%3Aaction%3Dlightbox%26settings%3DeyJpZCI6MTE2MiwidXJsIjoiaHR0cHM6XC9cL2VuZ2V2YWxlLmNvbVwvc2l0ZVwvd3AtY29udGVudFwvdXBsb2Fkc1wvMjAyNVwvMDdcL0ZvdG8tcGFnaW5hLTI2LTQtY29weS53ZWJwIiwic2xpZGVzaG93IjoiYjg2MTBkNSJ9\">\n\t\t\t\t\t<div class=\"e-gallery-image elementor-gallery-item__image\" data-thumbnail=\"https:\/\/engevale.com\/site\/wp-content\/uploads\/2025\/07\/Foto-pagina-26-4-copy.webp\" data-width=\"1280\" data-height=\"960\" aria-label=\"\" role=\"img\" ><\/div>\n\t\t\t\t\t\t\t\t\t\t\t<div class=\"elementor-gallery-item__overlay\"><\/div>\n\t\t\t\t\t\t\t\t\t\t\t\t\t\t<\/a>\n\t\t\t\t\t\t\t<a class=\"e-gallery-item elementor-gallery-item elementor-animated-content\" href=\"https:\/\/engevale.com\/site\/wp-content\/uploads\/2025\/07\/Foto-pagina-26-5-copy.webp\" data-elementor-open-lightbox=\"yes\" data-elementor-lightbox-slideshow=\"b8610d5\" data-elementor-lightbox-title=\"Imagem-80\" data-e-action-hash=\"#elementor-action%3Aaction%3Dlightbox%26settings%3DeyJpZCI6MTE2MSwidXJsIjoiaHR0cHM6XC9cL2VuZ2V2YWxlLmNvbVwvc2l0ZVwvd3AtY29udGVudFwvdXBsb2Fkc1wvMjAyNVwvMDdcL0ZvdG8tcGFnaW5hLTI2LTUtY29weS53ZWJwIiwic2xpZGVzaG93IjoiYjg2MTBkNSJ9\">\n\t\t\t\t\t<div class=\"e-gallery-image elementor-gallery-item__image\" data-thumbnail=\"https:\/\/engevale.com\/site\/wp-content\/uploads\/2025\/07\/Foto-pagina-26-5-copy.webp\" data-width=\"1280\" data-height=\"960\" aria-label=\"\" role=\"img\" ><\/div>\n\t\t\t\t\t\t\t\t\t\t\t<div class=\"elementor-gallery-item__overlay\"><\/div>\n\t\t\t\t\t\t\t\t\t\t\t\t\t\t<\/a>\n\t\t\t\t\t\t\t<a class=\"e-gallery-item elementor-gallery-item elementor-animated-content\" href=\"https:\/\/engevale.com\/site\/wp-content\/uploads\/2025\/07\/Foto-pagina-26-6-copy.webp\" data-elementor-open-lightbox=\"yes\" data-elementor-lightbox-slideshow=\"b8610d5\" data-elementor-lightbox-title=\"Imagem-81\" data-e-action-hash=\"#elementor-action%3Aaction%3Dlightbox%26settings%3DeyJpZCI6MTE2MCwidXJsIjoiaHR0cHM6XC9cL2VuZ2V2YWxlLmNvbVwvc2l0ZVwvd3AtY29udGVudFwvdXBsb2Fkc1wvMjAyNVwvMDdcL0ZvdG8tcGFnaW5hLTI2LTYtY29weS53ZWJwIiwic2xpZGVzaG93IjoiYjg2MTBkNSJ9\">\n\t\t\t\t\t<div class=\"e-gallery-image elementor-gallery-item__image\" data-thumbnail=\"https:\/\/engevale.com\/site\/wp-content\/uploads\/2025\/07\/Foto-pagina-26-6-copy.webp\" data-width=\"1280\" data-height=\"960\" aria-label=\"\" role=\"img\" ><\/div>\n\t\t\t\t\t\t\t\t\t\t\t<div class=\"elementor-gallery-item__overlay\"><\/div>\n\t\t\t\t\t\t\t\t\t\t\t\t\t\t<\/a>\n\t\t\t\t\t<\/div>\n\t\t\t\t\t<\/div>\n\t\t\t\t\t<\/div>\n\t\t\t\t<\/div>\n\t\t<div class=\"elementor-element elementor-element-941b2cd e-flex e-con-boxed e-con e-parent\" data-id=\"941b2cd\" data-element_type=\"container\" data-settings=\"{&quot;background_background&quot;:&quot;classic&quot;}\">\n\t\t\t\t\t<div class=\"e-con-inner\">\n\t\t<div class=\"elementor-element elementor-element-dbace81 e-con-full e-flex e-con e-child\" data-id=\"dbace81\" data-element_type=\"container\">\n\t\t<div class=\"elementor-element elementor-element-0f49f68 e-con-full e-flex e-con e-child\" data-id=\"0f49f68\" data-element_type=\"container\">\n\t\t\t\t\t<div class=\"e-svg-base e-e513ca6-47022d2\" ><svg xmlns=\"http:\/\/www.w3.org\/2000\/svg\" style=\"width: 100%; height: 100%; overflow: unset;\" width=\"25\" height=\"7\" viewBox=\"0 0 25 7\" fill=\"currentColor\"><rect width=\"25\" height=\"7\" rx=\"3.5\" fill=\"#FF0000\"><\/rect><\/svg><\/div>\t\t\t\t<div class=\"elementor-element elementor-element-eafee60 elementor-widget elementor-widget-heading\" data-id=\"eafee60\" data-element_type=\"widget\" data-widget_type=\"heading.default\">\n\t\t\t\t\t<h2 class=\"elementor-heading-title elementor-size-default\">Contato<\/h2>\t\t\t\t<\/div>\n\t\t\t\t<\/div>\n\t\t\t\t<div class=\"elementor-element elementor-element-cba7aea elementor-widget__width-initial elementor-widget-mobile__width-inherit elementor-widget elementor-widget-text-editor\" data-id=\"cba7aea\" data-element_type=\"widget\" data-widget_type=\"text-editor.default\">\n\t\t\t\t\t\t\t\t\t<p>A Engevale Engenharia se coloca \u00e0 disposi\u00e7\u00e3o para entender e atender as demandas de sua empresa nas mais diversas \u00e1reas da engenharia.<\/p><p>Se voc\u00ea busca solu\u00e7\u00f5es t\u00e9cnicas especializadas, precisas e alinhadas \u00e0s melhores pr\u00e1ticas, entre agora mesmo em contato conosco.<\/p><p>N\u00f3s queremos e podemos\u00a0te\u00a0ajudar!<\/p>\t\t\t\t\t\t\t\t<\/div>\n\t\t\t\t<\/div>\n\t\t<div class=\"elementor-element elementor-element-cfc56fe e-con-full e-flex e-con e-child\" data-id=\"cfc56fe\" data-element_type=\"container\">\n\t\t<div class=\"elementor-element elementor-element-b06ab53 e-con-full e-flex e-con e-child\" data-id=\"b06ab53\" data-element_type=\"container\">\n\t\t\t\t<div class=\"elementor-element elementor-element-f41a69c elementor-button-align-start elementor-widget elementor-widget-form\" data-id=\"f41a69c\" data-element_type=\"widget\" data-settings=\"{&quot;step_next_label&quot;:&quot;Next&quot;,&quot;step_previous_label&quot;:&quot;Previous&quot;,&quot;button_width&quot;:&quot;100&quot;,&quot;step_type&quot;:&quot;number_text&quot;,&quot;step_icon_shape&quot;:&quot;circle&quot;}\" data-widget_type=\"form.default\">\n\t\t\t\t\t\t\t<form class=\"elementor-form\" method=\"post\" name=\"New Form\" aria-label=\"New Form\">\n\t\t\t<input type=\"hidden\" name=\"post_id\" value=\"805\"\/>\n\t\t\t<input type=\"hidden\" name=\"form_id\" value=\"f41a69c\"\/>\n\t\t\t<input type=\"hidden\" name=\"referer_title\" value=\"Caldeiraria Especializada\" \/>\n\n\t\t\t\t\t\t\t<input type=\"hidden\" name=\"queried_id\" value=\"805\"\/>\n\t\t\t\n\t\t\t<div class=\"elementor-form-fields-wrapper elementor-labels-above\">\n\t\t\t\t\t\t\t\t<div class=\"elementor-field-type-text elementor-field-group elementor-column elementor-field-group-name elementor-col-50\">\n\t\t\t\t\t\t\t\t\t\t\t\t\t<input size=\"1\" type=\"text\" name=\"form_fields[name]\" id=\"form-field-name\" class=\"elementor-field elementor-size-sm  elementor-field-textual\" placeholder=\"Seu Nome *\">\n\t\t\t\t\t\t\t\t\t\t\t<\/div>\n\t\t\t\t\t\t\t\t<div class=\"elementor-field-type-email elementor-field-group elementor-column elementor-field-group-field_2aabdb7 elementor-col-50\">\n\t\t\t\t\t\t\t\t\t\t\t\t\t<input size=\"1\" type=\"email\" name=\"form_fields[field_2aabdb7]\" id=\"form-field-field_2aabdb7\" class=\"elementor-field elementor-size-sm  elementor-field-textual\" placeholder=\"Seu E-mail *\">\n\t\t\t\t\t\t\t\t\t\t\t<\/div>\n\t\t\t\t\t\t\t\t<div class=\"elementor-field-type-tel elementor-field-group elementor-column elementor-field-group-field_11330f4 elementor-col-50\">\n\t\t\t\t\t\t\t<input size=\"1\" type=\"tel\" name=\"form_fields[field_11330f4]\" id=\"form-field-field_11330f4\" class=\"elementor-field elementor-size-sm  elementor-field-textual\" placeholder=\"Telefone *\" pattern=\"[0-9()#&amp;+*-=.]+\" title=\"Only numbers and phone characters (#, -, *, etc) are accepted.\">\n\n\t\t\t\t\t\t<\/div>\n\t\t\t\t\t\t\t\t<div class=\"elementor-field-type-text elementor-field-group elementor-column elementor-field-group-email elementor-col-50 elementor-field-required\">\n\t\t\t\t\t\t\t\t\t\t\t\t\t<input size=\"1\" type=\"text\" name=\"form_fields[email]\" id=\"form-field-email\" class=\"elementor-field elementor-size-sm  elementor-field-textual\" placeholder=\"Assunto *\" required=\"required\">\n\t\t\t\t\t\t\t\t\t\t\t<\/div>\n\t\t\t\t\t\t\t\t<div class=\"elementor-field-type-textarea elementor-field-group elementor-column elementor-field-group-message elementor-col-100\">\n\t\t\t\t\t<textarea class=\"elementor-field-textual elementor-field  elementor-size-sm\" name=\"form_fields[message]\" id=\"form-field-message\" rows=\"4\" placeholder=\"Mensagem\"><\/textarea>\t\t\t\t<\/div>\n\t\t\t\t\t\t\t\t<div class=\"elementor-field-group elementor-column elementor-field-type-submit elementor-col-100 e-form__buttons\">\n\t\t\t\t\t<button class=\"elementor-button elementor-size-sm\" type=\"submit\">\n\t\t\t\t\t\t<span class=\"elementor-button-content-wrapper\">\n\t\t\t\t\t\t\t\t\t\t\t\t\t\t\t\t\t\t\t\t\t\t<span class=\"elementor-button-text\">ENVIAR<\/span>\n\t\t\t\t\t\t\t\t\t\t\t\t\t<\/span>\n\t\t\t\t\t<\/button>\n\t\t\t\t<\/div>\n\t\t\t<\/div>\n\t\t<\/form>\n\t\t\t\t\t\t<\/div>\n\t\t\t\t<\/div>\n\t\t\t\t<\/div>\n\t\t\t\t\t<\/div>\n\t\t\t\t<\/div>\n\t\t\t\t<\/div>\n\t\t","protected":false},"excerpt":{"rendered":"<p>Caldeiraria Especializada Nossas solu\u00e7\u00f5es Execu\u00e7\u00e3o completa de servi\u00e7os de caldeiraria industrial com alta precis\u00e3o, voltados \u00e0 fabrica\u00e7\u00e3o, manuten\u00e7\u00e3o e recupera\u00e7\u00e3o de equipamentos e estruturas met\u00e1licas para ambientes industriais exigentes. Caldeiraria e manuten\u00e7\u00e3o de equipamentos est\u00e1ticos e din\u00e2micos Fabrica\u00e7\u00e3o, manuten\u00e7\u00e3o e recupera\u00e7\u00e3o de estruturas met\u00e1licas Montagem de andaimes Pintura e isolamento t\u00e9rmico Fabrica\u00e7\u00e3o, manuten\u00e7\u00e3o, reparos, modifica\u00e7\u00f5es [&hellip;]<\/p>\n","protected":false},"author":1,"featured_media":0,"parent":0,"menu_order":0,"comment_status":"closed","ping_status":"closed","template":"","meta":{"footnotes":""},"class_list":["post-805","page","type-page","status-publish","hentry"],"_links":{"self":[{"href":"https:\/\/engevale.com\/site\/wp-json\/wp\/v2\/pages\/805","targetHints":{"allow":["GET"]}}],"collection":[{"href":"https:\/\/engevale.com\/site\/wp-json\/wp\/v2\/pages"}],"about":[{"href":"https:\/\/engevale.com\/site\/wp-json\/wp\/v2\/types\/page"}],"author":[{"embeddable":true,"href":"https:\/\/engevale.com\/site\/wp-json\/wp\/v2\/users\/1"}],"replies":[{"embeddable":true,"href":"https:\/\/engevale.com\/site\/wp-json\/wp\/v2\/comments?post=805"}],"version-history":[{"count":62,"href":"https:\/\/engevale.com\/site\/wp-json\/wp\/v2\/pages\/805\/revisions"}],"predecessor-version":[{"id":3425,"href":"https:\/\/engevale.com\/site\/wp-json\/wp\/v2\/pages\/805\/revisions\/3425"}],"wp:attachment":[{"href":"https:\/\/engevale.com\/site\/wp-json\/wp\/v2\/media?parent=805"}],"curies":[{"name":"wp","href":"https:\/\/api.w.org\/{rel}","templated":true}]}}