{"id":3720,"date":"2026-03-05T17:27:41","date_gmt":"2026-03-05T20:27:41","guid":{"rendered":"https:\/\/engevale.com\/site\/?page_id=3720"},"modified":"2026-03-06T09:13:48","modified_gmt":"2026-03-06T12:13:48","slug":"extrato-de-decisao-condenatoria","status":"publish","type":"page","link":"https:\/\/engevale.com\/site\/extrato-de-decisao-condenatoria\/","title":{"rendered":"Extrato de Decis\u00e3o Condenat\u00f3ria"},"content":{"rendered":"\t\t<div data-elementor-type=\"wp-page\" data-elementor-id=\"3720\" class=\"elementor elementor-3720\" data-elementor-post-type=\"page\">\n\t\t\t\t<div class=\"elementor-element elementor-element-cd3c8c8 e-flex e-con-boxed e-con e-parent\" data-id=\"cd3c8c8\" data-element_type=\"container\" data-settings=\"{&quot;background_background&quot;:&quot;classic&quot;}\">\n\t\t\t\t\t<div class=\"e-con-inner\">\n\t\t<div class=\"elementor-element elementor-element-2f4a16b2 e-con-full e-flex e-con e-child\" data-id=\"2f4a16b2\" data-element_type=\"container\">\n\t\t<div class=\"elementor-element elementor-element-408aa7f5 e-con-full e-flex e-con e-child\" data-id=\"408aa7f5\" data-element_type=\"container\">\n\t\t<div class=\"elementor-element elementor-element-493a542 e-con-full e-flex e-con e-child\" data-id=\"493a542\" data-element_type=\"container\">\n\t\t\t\t<div class=\"elementor-element elementor-element-71c1f80 elementor-widget__width-inherit elementor-widget-mobile__width-inherit elementor-widget elementor-widget-heading\" data-id=\"71c1f80\" data-element_type=\"widget\" data-widget_type=\"heading.default\">\n\t\t\t\t\t<h2 class=\"elementor-heading-title elementor-size-default\"><span style=\"color:#848484\">Extrato de decis\u00e3o condenat\u00f3ria <\/span> <\/h2>\t\t\t\t<\/div>\n\t\t\t\t<\/div>\n\t\t<div class=\"elementor-element elementor-element-0d379c0 e-con-full e-flex e-con e-child\" data-id=\"0d379c0\" data-element_type=\"container\">\n\t\t\t\t<div class=\"elementor-element elementor-element-f1a6cea elementor-widget__width-inherit elementor-widget-mobile__width-inherit elementor-widget elementor-widget-text-editor\" data-id=\"f1a6cea\" data-element_type=\"widget\" data-widget_type=\"text-editor.default\">\n\t\t\t\t\t\t\t\t\t<p style=\"text-align: center;\"><strong>Decis\u00e3o Condenat\u00f3ria por Ato Lesivo da Lei n\u00b0 12.846\/2013<\/strong><\/p>\n<p style=\"text-align: center;\">\u00a0<\/p>\n<p style=\"text-align: center;\">Julgamento do Processo Administrativo de Responsabiliza\u00e7\u00e3o PAR-PB n\u00b0 038.03167\/2023.<\/p>\n<p>\u00a0<\/p>\n<p>Decis\u00e3o da Petr\u00f3leo Brasileiro S.A., pela aplica\u00e7\u00e3o das penalidades de multa, no valor de R$ 9.857.242,17 (nove milh\u00f5es, oitocentos e cinquenta e sete mil, duzentos e quarenta e dois reais e dezessete centavos), obtido pela incid\u00eancia da al\u00edquota total de 9,5% (nove e meio por cento), sobre o valor do faturamento bruto da empresa, do exerc\u00edcio de 2022, exclu\u00eddos os tributos, e de publica\u00e7\u00e3o extraordin\u00e1ria da decis\u00e3o administrativa em face da pessoa jur\u00eddica:<\/p>\n<p>\u00a0<\/p>\n<p style=\"text-align: center;\">ENGEVALE ENGENHARIA S.A.<\/p>\n<p style=\"text-align: center;\">CNPJ 03.102.401\/0001-40<\/p>\n<p>\u00a0<\/p>\n<p>Por frustrar ou fraudar, mediante ajuste, combina\u00e7\u00e3o ou qualquer outro expediente, o car\u00e1ter competitivo de procedimento licitat\u00f3rio p\u00fablico, infringindo o artigo 5\u00b0, inciso IV, al\u00ednea \u201ca\u201d, da Lei n\u00b0 12.846 de 2013, ensejando a responsabilidade objetiva da pessoa jur\u00eddica.<\/p>\n<p>\u00a0<\/p>\n<p>A integra da decis\u00e3o condenat\u00f3ria est\u00e1 dispon\u00edvel no Di\u00e1rio Oficial da Uni\u00e3o, de 23\/05\/2024, Edi\u00e7\u00e3o 99, Se\u00e7\u00e3o 3, p\u00e1g. 112.<\/p>\n<p>Link: <a href=\"https:\/\/www.in.gov.br\/web\/dou\/-\/aviso-de-penalidade-561446607\" target=\"_blank\" rel=\"noopener\">https:\/\/www.in.gov.br\/web\/dou\/-\/aviso-de-penalidade-561446607<\/a><\/p>\t\t\t\t\t\t\t\t<\/div>\n\t\t\t\t<\/div>\n\t\t\t\t<\/div>\n\t\t\t\t<\/div>\n\t\t\t\t\t<\/div>\n\t\t\t\t<\/div>\n\t\t\t\t<\/div>\n\t\t","protected":false},"excerpt":{"rendered":"<p>Extrato de decis\u00e3o condenat\u00f3ria Decis\u00e3o Condenat\u00f3ria por Ato Lesivo da Lei n\u00b0 12.846\/2013 \u00a0 Julgamento do Processo Administrativo de Responsabiliza\u00e7\u00e3o PAR-PB n\u00b0 038.03167\/2023. \u00a0 Decis\u00e3o da Petr\u00f3leo Brasileiro S.A., pela aplica\u00e7\u00e3o das penalidades de multa, no valor de R$ 9.857.242,17 (nove milh\u00f5es, oitocentos e cinquenta e sete mil, duzentos e quarenta e dois reais e [&hellip;]<\/p>\n","protected":false},"author":2,"featured_media":0,"parent":0,"menu_order":0,"comment_status":"closed","ping_status":"closed","template":"","meta":{"footnotes":""},"class_list":["post-3720","page","type-page","status-publish","hentry"],"_links":{"self":[{"href":"https:\/\/engevale.com\/site\/wp-json\/wp\/v2\/pages\/3720","targetHints":{"allow":["GET"]}}],"collection":[{"href":"https:\/\/engevale.com\/site\/wp-json\/wp\/v2\/pages"}],"about":[{"href":"https:\/\/engevale.com\/site\/wp-json\/wp\/v2\/types\/page"}],"author":[{"embeddable":true,"href":"https:\/\/engevale.com\/site\/wp-json\/wp\/v2\/users\/2"}],"replies":[{"embeddable":true,"href":"https:\/\/engevale.com\/site\/wp-json\/wp\/v2\/comments?post=3720"}],"version-history":[{"count":21,"href":"https:\/\/engevale.com\/site\/wp-json\/wp\/v2\/pages\/3720\/revisions"}],"predecessor-version":[{"id":3748,"href":"https:\/\/engevale.com\/site\/wp-json\/wp\/v2\/pages\/3720\/revisions\/3748"}],"wp:attachment":[{"href":"https:\/\/engevale.com\/site\/wp-json\/wp\/v2\/media?parent=3720"}],"curies":[{"name":"wp","href":"https:\/\/api.w.org\/{rel}","templated":true}]}}