{"id":32,"date":"2025-06-30T18:51:13","date_gmt":"2025-06-30T18:51:13","guid":{"rendered":"https:\/\/engevale.danilolimadesign.com.br\/?page_id=32"},"modified":"2025-08-05T15:22:31","modified_gmt":"2025-08-05T18:22:31","slug":"contato","status":"publish","type":"page","link":"https:\/\/engevale.com\/site\/contato\/","title":{"rendered":"Contato"},"content":{"rendered":"\t\t<div data-elementor-type=\"wp-page\" data-elementor-id=\"32\" class=\"elementor elementor-32\" data-elementor-post-type=\"page\">\n\t\t\t\t<div class=\"elementor-element elementor-element-f68d912 e-flex e-con-boxed e-con e-parent\" data-id=\"f68d912\" data-element_type=\"container\" data-settings=\"{&quot;background_background&quot;:&quot;gradient&quot;,&quot;shape_divider_bottom&quot;:&quot;arrow&quot;}\">\n\t\t\t\t\t<div class=\"e-con-inner\">\n\t\t\t\t<div class=\"elementor-shape elementor-shape-bottom\" aria-hidden=\"true\" data-negative=\"false\">\n\t\t\t<svg xmlns=\"http:\/\/www.w3.org\/2000\/svg\" viewBox=\"0 0 700 10\" preserveAspectRatio=\"none\">\n\t<path class=\"elementor-shape-fill\" d=\"M350,10L340,0h20L350,10z\"\/>\n<\/svg>\t\t<\/div>\n\t\t<div class=\"elementor-element elementor-element-6a181a2 e-con-full e-flex e-con e-child\" data-id=\"6a181a2\" data-element_type=\"container\">\n\t\t\t\t<div class=\"elementor-element elementor-element-b7d1605 elementor-widget elementor-widget-heading\" data-id=\"b7d1605\" data-element_type=\"widget\" data-widget_type=\"heading.default\">\n\t\t\t\t\t<h1 class=\"elementor-heading-title elementor-size-default\">Contato<\/h1>\t\t\t\t<\/div>\n\t\t\t\t<\/div>\n\t\t\t\t\t<\/div>\n\t\t\t\t<\/div>\n\t\t<div class=\"elementor-element elementor-element-cd3c8c8 e-flex e-con-boxed e-con e-parent\" data-id=\"cd3c8c8\" data-element_type=\"container\" data-settings=\"{&quot;background_background&quot;:&quot;classic&quot;}\">\n\t\t\t\t\t<div class=\"e-con-inner\">\n\t\t<div class=\"elementor-element elementor-element-2f4a16b2 e-con-full e-flex e-con e-child\" data-id=\"2f4a16b2\" data-element_type=\"container\">\n\t\t<div class=\"elementor-element elementor-element-408aa7f5 e-con-full e-flex e-con e-child\" data-id=\"408aa7f5\" data-element_type=\"container\">\n\t\t<div class=\"elementor-element elementor-element-493a542 e-con-full e-flex e-con e-child\" data-id=\"493a542\" data-element_type=\"container\">\n\t\t\t\t<div class=\"elementor-element elementor-element-71c1f80 elementor-widget__width-inherit elementor-widget-mobile__width-inherit elementor-widget elementor-widget-heading\" data-id=\"71c1f80\" data-element_type=\"widget\" data-widget_type=\"heading.default\">\n\t\t\t\t\t<h2 class=\"elementor-heading-title elementor-size-default\"><span style=\"color:#848484\">Solu\u00e7\u00f5es completas para<\/span> ambientes industriais <span style=\"color:#848484\">exigentes<\/h2>\t\t\t\t<\/div>\n\t\t\t\t<div class=\"elementor-element elementor-element-b518f0d elementor-widget__width-inherit elementor-widget-mobile__width-inherit elementor-widget elementor-widget-text-editor\" data-id=\"b518f0d\" data-element_type=\"widget\" data-widget_type=\"text-editor.default\">\n\t\t\t\t\t\t\t\t\t<p>A Engevale Engenharia se coloca \u00e0 disposi\u00e7\u00e3o para entender e atender as demandas de sua empresa nas mais diversas \u00e1reas da engenharia.<\/p><p>Se voc\u00ea busca solu\u00e7\u00f5es t\u00e9cnicas especializadas, precisas e alinhadas \u00e0s melhores pr\u00e1ticas, entre agora mesmo em contato conosco.<\/p><p>N\u00f3s queremos e podemos te ajudar!<\/p>\t\t\t\t\t\t\t\t<\/div>\n\t\t\t\t<\/div>\n\t\t<div class=\"elementor-element elementor-element-0d379c0 e-con-full e-flex e-con e-child\" data-id=\"0d379c0\" data-element_type=\"container\">\n\t\t<div class=\"elementor-element elementor-element-b44b403 e-con-full e-flex e-con e-child\" data-id=\"b44b403\" data-element_type=\"container\">\n\t\t\t\t<div class=\"elementor-element elementor-element-69dfac8 elementor-button-align-start elementor-widget elementor-widget-form\" data-id=\"69dfac8\" data-element_type=\"widget\" data-settings=\"{&quot;step_next_label&quot;:&quot;Next&quot;,&quot;step_previous_label&quot;:&quot;Previous&quot;,&quot;button_width&quot;:&quot;100&quot;,&quot;step_type&quot;:&quot;number_text&quot;,&quot;step_icon_shape&quot;:&quot;circle&quot;}\" data-widget_type=\"form.default\">\n\t\t\t\t\t\t\t<form class=\"elementor-form\" method=\"post\" name=\"New Form\" aria-label=\"New Form\">\n\t\t\t<input type=\"hidden\" name=\"post_id\" value=\"32\"\/>\n\t\t\t<input type=\"hidden\" name=\"form_id\" value=\"69dfac8\"\/>\n\t\t\t<input type=\"hidden\" name=\"referer_title\" value=\"Contato\" \/>\n\n\t\t\t\t\t\t\t<input type=\"hidden\" name=\"queried_id\" value=\"32\"\/>\n\t\t\t\n\t\t\t<div class=\"elementor-form-fields-wrapper elementor-labels-above\">\n\t\t\t\t\t\t\t\t<div class=\"elementor-field-type-text elementor-field-group elementor-column elementor-field-group-name elementor-col-50\">\n\t\t\t\t\t\t\t\t\t\t\t\t\t<input size=\"1\" type=\"text\" name=\"form_fields[name]\" id=\"form-field-name\" class=\"elementor-field elementor-size-sm  elementor-field-textual\" placeholder=\"Seu Nome *\">\n\t\t\t\t\t\t\t\t\t\t\t<\/div>\n\t\t\t\t\t\t\t\t<div class=\"elementor-field-type-email elementor-field-group elementor-column elementor-field-group-field_2aabdb7 elementor-col-50\">\n\t\t\t\t\t\t\t\t\t\t\t\t\t<input size=\"1\" type=\"email\" name=\"form_fields[field_2aabdb7]\" id=\"form-field-field_2aabdb7\" class=\"elementor-field elementor-size-sm  elementor-field-textual\" placeholder=\"Seu E-mail *\">\n\t\t\t\t\t\t\t\t\t\t\t<\/div>\n\t\t\t\t\t\t\t\t<div class=\"elementor-field-type-tel elementor-field-group elementor-column elementor-field-group-field_11330f4 elementor-col-50\">\n\t\t\t\t\t\t\t<input size=\"1\" type=\"tel\" name=\"form_fields[field_11330f4]\" id=\"form-field-field_11330f4\" class=\"elementor-field elementor-size-sm  elementor-field-textual\" placeholder=\"Telefone *\" pattern=\"[0-9()#&amp;+*-=.]+\" title=\"Only numbers and phone characters (#, -, *, etc) are accepted.\">\n\n\t\t\t\t\t\t<\/div>\n\t\t\t\t\t\t\t\t<div class=\"elementor-field-type-text elementor-field-group elementor-column elementor-field-group-email elementor-col-50 elementor-field-required\">\n\t\t\t\t\t\t\t\t\t\t\t\t\t<input size=\"1\" type=\"text\" name=\"form_fields[email]\" id=\"form-field-email\" class=\"elementor-field elementor-size-sm  elementor-field-textual\" placeholder=\"Assunto *\" required=\"required\">\n\t\t\t\t\t\t\t\t\t\t\t<\/div>\n\t\t\t\t\t\t\t\t<div class=\"elementor-field-type-textarea elementor-field-group elementor-column elementor-field-group-message elementor-col-100\">\n\t\t\t\t\t<textarea class=\"elementor-field-textual elementor-field  elementor-size-sm\" name=\"form_fields[message]\" id=\"form-field-message\" rows=\"4\" placeholder=\"Mensagem\"><\/textarea>\t\t\t\t<\/div>\n\t\t\t\t\t\t\t\t<div class=\"elementor-field-group elementor-column elementor-field-type-submit elementor-col-100 e-form__buttons\">\n\t\t\t\t\t<button class=\"elementor-button elementor-size-sm\" type=\"submit\">\n\t\t\t\t\t\t<span class=\"elementor-button-content-wrapper\">\n\t\t\t\t\t\t\t\t\t\t\t\t\t\t\t\t\t\t\t\t\t\t<span class=\"elementor-button-text\">ENVIAR<\/span>\n\t\t\t\t\t\t\t\t\t\t\t\t\t<\/span>\n\t\t\t\t\t<\/button>\n\t\t\t\t<\/div>\n\t\t\t<\/div>\n\t\t<\/form>\n\t\t\t\t\t\t<\/div>\n\t\t\t\t<\/div>\n\t\t\t\t<\/div>\n\t\t\t\t<\/div>\n\t\t<div class=\"elementor-element elementor-element-13d1d161 e-con-full e-flex e-con e-child\" data-id=\"13d1d161\" data-element_type=\"container\" data-settings=\"{&quot;background_background&quot;:&quot;classic&quot;}\">\n\t\t<div class=\"elementor-element elementor-element-547753e e-con-full e-flex e-con e-child\" data-id=\"547753e\" data-element_type=\"container\">\n\t\t\t\t<div class=\"elementor-element elementor-element-2fc79eb jkit-equal-height-disable elementor-widget elementor-widget-jkit_icon_box\" data-id=\"2fc79eb\" data-element_type=\"widget\" data-widget_type=\"jkit_icon_box.default\">\n\t\t\t\t\t<div  class=\"jeg-elementor-kit jkit-icon-box icon-position-left elementor-animation- jeg_module___69e8b8cb22bec\" ><div class=\"jkit-icon-box-wrapper hover-from-left\"><div class=\"icon-box icon-box-header elementor-animation-\"><div class=\"icon style-color\"><i aria-hidden=\"true\" class=\"jki jki-fax-solid\"><\/i><\/div><\/div><div class=\"icon-box icon-box-body\">\n                <h4 class=\"title\">Telefone<\/h4><p class=\"icon-box-description\">+55 (12) 3621-1335<\/p>\n            <\/div>\n            \n            <\/div><\/div>\t\t\t\t<\/div>\n\t\t\t\t<\/div>\n\t\t<div class=\"elementor-element elementor-element-11fcc2f9 e-con-full e-flex e-con e-child\" data-id=\"11fcc2f9\" data-element_type=\"container\">\n\t\t\t\t<div class=\"elementor-element elementor-element-7cc8d5a5 jkit-equal-height-disable elementor-widget elementor-widget-jkit_icon_box\" data-id=\"7cc8d5a5\" data-element_type=\"widget\" data-widget_type=\"jkit_icon_box.default\">\n\t\t\t\t\t<div  class=\"jeg-elementor-kit jkit-icon-box icon-position-left elementor-animation- jeg_module__1_69e8b8cb255fd\" ><a href=\"mailto:comercial@engevale.com@engevale.com\" class=\"icon-box-link\" aria-label=\"E-mail\"><div class=\"jkit-icon-box-wrapper hover-from-left\"><div class=\"icon-box icon-box-header elementor-animation-\"><div class=\"icon style-color\"><i aria-hidden=\"true\" class=\"jki jki-envelope1-light\"><\/i><\/div><\/div><div class=\"icon-box icon-box-body\">\n                <h4 class=\"title\">E-mail<\/h4><p class=\"icon-box-description\">comercial@engevale.com<\/p>\n            <\/div>\n            \n            <\/div><\/a><\/div>\t\t\t\t<\/div>\n\t\t\t\t<\/div>\n\t\t<div class=\"elementor-element elementor-element-7ca4825b e-con-full e-flex e-con e-child\" data-id=\"7ca4825b\" data-element_type=\"container\">\n\t\t\t\t<div class=\"elementor-element elementor-element-abfd3df jkit-equal-height-disable elementor-widget elementor-widget-jkit_icon_box\" data-id=\"abfd3df\" data-element_type=\"widget\" data-widget_type=\"jkit_icon_box.default\">\n\t\t\t\t\t<div  class=\"jeg-elementor-kit jkit-icon-box icon-position-left elementor-animation- jeg_module__2_69e8b8cb29467\" ><div class=\"jkit-icon-box-wrapper hover-from-left\"><div class=\"icon-box icon-box-header elementor-animation-\"><div class=\"icon style-color\"><i aria-hidden=\"true\" class=\"jki jki-building-solid\"><\/i><\/div><\/div><div class=\"icon-box icon-box-body\">\n                <h4 class=\"title\">Endere\u00e7os<\/h4><p class=\"icon-box-description\"><a href=\"https:\/\/www.google.com\/maps\/place\/Engevale+Engenharia+S.A.+-+Escrit\u00f3rio+Central\/@-23.024049,-45.578317,16z\/data=!4m6!3m5!1s0x94ccf90848bd283f:0x8462fa7e06fe597e!8m2!3d-23.0240488!4d-45.5783173!16s%2Fg%2F11g6bcqcy6?hl=pt-BR&amp;entry=ttu&amp;g_ep=EgoyMDI1MDcyOS4wIKXMDSoASAFQAw%3D%3D\" style=\"text-decoration:none!important;color:#7A7A7A!important;display:inline-block\"> <strong>Escrit\u00f3rio Taubat\u00e9\/SP<\/strong><br>\nAv. Charles Schneider, 1.236, Loja 11, Parque Senhor do Bonfim, Taubat\u00e9\/SP, Tel: (12) 3621-1335, CEP 12.040-000.<\/a>\n<br><br>\n<a style=\"text-decoration:none!important;color:#7A7A7A!important;display:inline-block\"> \n<strong>Escrit\u00f3rio Trememb\u00e9\/SP<\/strong><br>\nRua Rodrigues Alves, 298, Sala 02, Centro, Trememb\u00e9\/SP, CEP 12.120-000.\n<br><br>\n\n<a href=\"https:\/\/www.google.com\/maps\/place\/Av.+Pres.+Juscelino+Kubitschek,+1455+-+Vila+Nova+Concei\u00e7\u00e3o,+S\u00e3o+Paulo+-+SP,+04543-011\/@-23.5910123,-46.6829668,16z\/data=!4m6!3m5!1s0x94ce5745075e00e5:0x7d4ab06a613af7e3!8m2!3d-23.5911986!4d-46.6829061!16s%2Fg%2F11bw4mk10_?entry=ttu&amp;g_ep=EgoyMDI1MDcyOS4wIKXMDSoASAFQAw%3D%3D\" style=\"text-decoration:none!important;color:#7A7A7A!important;display:inline-block\"> <strong>Escrit\u00f3rio S\u00e3o Paulo\/SP<\/strong><br>\nAv. Juscelino Kubistschek, 1.455, 4\u00b0 andar, Vila Nova Concei\u00e7\u00e3o, S\u00e3o Paulo\/SP,\u00a0CEP\u00a004.543-011.<\/a><\/span><\/p>\n            <\/div>\n            \n            <\/div><\/div>\t\t\t\t<\/div>\n\t\t\t\t<\/div>\n\t\t\t\t<\/div>\n\t\t\t\t<\/div>\n\t\t\t\t\t<\/div>\n\t\t\t\t<\/div>\n\t\t\t\t<\/div>\n\t\t","protected":false},"excerpt":{"rendered":"<p>Contato Solu\u00e7\u00f5es completas para ambientes industriais exigentes A Engevale Engenharia se coloca \u00e0 disposi\u00e7\u00e3o para entender e atender as demandas de sua empresa nas mais diversas \u00e1reas da engenharia. Se voc\u00ea busca solu\u00e7\u00f5es t\u00e9cnicas especializadas, precisas e alinhadas \u00e0s melhores pr\u00e1ticas, entre agora mesmo em contato conosco. N\u00f3s queremos e podemos te ajudar! Telefone +55 [&hellip;]<\/p>\n","protected":false},"author":1,"featured_media":0,"parent":0,"menu_order":0,"comment_status":"closed","ping_status":"closed","template":"","meta":{"footnotes":""},"class_list":["post-32","page","type-page","status-publish","hentry"],"_links":{"self":[{"href":"https:\/\/engevale.com\/site\/wp-json\/wp\/v2\/pages\/32","targetHints":{"allow":["GET"]}}],"collection":[{"href":"https:\/\/engevale.com\/site\/wp-json\/wp\/v2\/pages"}],"about":[{"href":"https:\/\/engevale.com\/site\/wp-json\/wp\/v2\/types\/page"}],"author":[{"embeddable":true,"href":"https:\/\/engevale.com\/site\/wp-json\/wp\/v2\/users\/1"}],"replies":[{"embeddable":true,"href":"https:\/\/engevale.com\/site\/wp-json\/wp\/v2\/comments?post=32"}],"version-history":[{"count":125,"href":"https:\/\/engevale.com\/site\/wp-json\/wp\/v2\/pages\/32\/revisions"}],"predecessor-version":[{"id":3460,"href":"https:\/\/engevale.com\/site\/wp-json\/wp\/v2\/pages\/32\/revisions\/3460"}],"wp:attachment":[{"href":"https:\/\/engevale.com\/site\/wp-json\/wp\/v2\/media?parent=32"}],"curies":[{"name":"wp","href":"https:\/\/api.w.org\/{rel}","templated":true}]}}