{"id":30,"date":"2025-06-30T18:50:59","date_gmt":"2025-06-30T18:50:59","guid":{"rendered":"https:\/\/engevale.danilolimadesign.com.br\/?page_id=30"},"modified":"2026-01-30T09:54:00","modified_gmt":"2026-01-30T12:54:00","slug":"nossos-clientes","status":"publish","type":"page","link":"https:\/\/engevale.com\/site\/nossos-clientes\/","title":{"rendered":"Clientes"},"content":{"rendered":"\t\t<div data-elementor-type=\"wp-page\" data-elementor-id=\"30\" class=\"elementor elementor-30\" data-elementor-post-type=\"page\">\n\t\t\t\t<div class=\"elementor-element elementor-element-776d9db e-flex e-con-boxed e-con e-parent\" data-id=\"776d9db\" data-element_type=\"container\" data-settings=\"{&quot;background_background&quot;:&quot;gradient&quot;,&quot;shape_divider_bottom&quot;:&quot;arrow&quot;}\">\n\t\t\t\t\t<div class=\"e-con-inner\">\n\t\t\t\t<div class=\"elementor-shape elementor-shape-bottom\" aria-hidden=\"true\" data-negative=\"false\">\n\t\t\t<svg xmlns=\"http:\/\/www.w3.org\/2000\/svg\" viewBox=\"0 0 700 10\" preserveAspectRatio=\"none\">\n\t<path class=\"elementor-shape-fill\" d=\"M350,10L340,0h20L350,10z\"\/>\n<\/svg>\t\t<\/div>\n\t\t<div class=\"elementor-element elementor-element-0950e91 e-con-full e-flex e-con e-child\" data-id=\"0950e91\" data-element_type=\"container\">\n\t\t\t\t<div class=\"elementor-element elementor-element-55e3e25 elementor-widget elementor-widget-heading\" data-id=\"55e3e25\" data-element_type=\"widget\" data-widget_type=\"heading.default\">\n\t\t\t\t\t<h1 class=\"elementor-heading-title elementor-size-default\">Nossos Clientes<\/h1>\t\t\t\t<\/div>\n\t\t\t\t<\/div>\n\t\t\t\t\t<\/div>\n\t\t\t\t<\/div>\n\t\t<div class=\"elementor-element elementor-element-3470aa6 e-flex e-con-boxed e-con e-parent\" data-id=\"3470aa6\" data-element_type=\"container\" data-settings=\"{&quot;background_background&quot;:&quot;classic&quot;}\">\n\t\t\t\t\t<div class=\"e-con-inner\">\n\t\t<div class=\"elementor-element elementor-element-617c6e0 e-con-full e-flex e-con e-child\" data-id=\"617c6e0\" data-element_type=\"container\">\n\t\t\t\t<div class=\"elementor-element elementor-element-e742777 elementor-widget__width-initial elementor-widget-mobile__width-inherit elementor-widget elementor-widget-text-editor\" data-id=\"e742777\" data-element_type=\"widget\" data-widget_type=\"text-editor.default\">\n\t\t\t\t\t\t\t\t\t<p>Nossos valores definem nosso comportamento comercial. Eles s\u00e3o o alicerce para as atividades de hoje e o crescimento de amanh\u00e3.<\/p>\t\t\t\t\t\t\t\t<\/div>\n\t\t\t\t<\/div>\n\t\t<div class=\"elementor-element elementor-element-2c13d22d e-con-full e-flex e-con e-child\" data-id=\"2c13d22d\" data-element_type=\"container\">\n\t\t<div class=\"elementor-element elementor-element-e983d2d e-con-full e-flex e-con e-child\" data-id=\"e983d2d\" data-element_type=\"container\">\n\t\t\t\t<div class=\"elementor-element elementor-element-4bd59317 elementor-widget__width-initial elementor-view-default elementor-widget elementor-widget-icon\" data-id=\"4bd59317\" data-element_type=\"widget\" data-widget_type=\"icon.default\">\n\t\t\t\t\t\t\t<div class=\"elementor-icon-wrapper\">\n\t\t\t<div class=\"elementor-icon\">\n\t\t\t<i aria-hidden=\"true\" class=\"icon icon-quote1\"><\/i>\t\t\t<\/div>\n\t\t<\/div>\n\t\t\t\t\t\t<\/div>\n\t\t\t\t<\/div>\n\t\t<div class=\"elementor-element elementor-element-3e54394 e-con-full e-flex e-con e-child\" data-id=\"3e54394\" data-element_type=\"container\">\n\t\t\t\t<div class=\"elementor-element elementor-element-64c48ad6 elementor-widget elementor-widget-heading\" data-id=\"64c48ad6\" data-element_type=\"widget\" data-widget_type=\"heading.default\">\n\t\t\t\t\t<h2 class=\"elementor-heading-title elementor-size-default\">Acreditamos que honestidade, transpar\u00eancia, responsabilidade e dedica\u00e7\u00e3o s\u00e3o a base da\nconfian\u00e7a.<\/h2>\t\t\t\t<\/div>\n\t\t\t\t<\/div>\n\t\t<div class=\"elementor-element elementor-element-0705741 e-con-full e-flex e-con e-child\" data-id=\"0705741\" data-element_type=\"container\">\n\t\t\t\t<div class=\"elementor-element elementor-element-6f1a4b8 elementor-widget__width-initial elementor-view-default elementor-widget elementor-widget-icon\" data-id=\"6f1a4b8\" data-element_type=\"widget\" data-widget_type=\"icon.default\">\n\t\t\t\t\t\t\t<div class=\"elementor-icon-wrapper\">\n\t\t\t<div class=\"elementor-icon\">\n\t\t\t<i aria-hidden=\"true\" class=\"icon icon-quote1\"><\/i>\t\t\t<\/div>\n\t\t<\/div>\n\t\t\t\t\t\t<\/div>\n\t\t\t\t<\/div>\n\t\t\t\t<\/div>\n\t\t\t\t\t<\/div>\n\t\t\t\t<\/div>\n\t\t<div class=\"elementor-element elementor-element-3629dca7 e-flex e-con-boxed e-con e-parent\" data-id=\"3629dca7\" data-element_type=\"container\" data-settings=\"{&quot;background_background&quot;:&quot;classic&quot;}\">\n\t\t\t\t\t<div class=\"e-con-inner\">\n\t\t<div class=\"elementor-element elementor-element-363db84d e-con-full e-flex e-con e-child\" data-id=\"363db84d\" data-element_type=\"container\" data-settings=\"{&quot;background_background&quot;:&quot;classic&quot;}\">\n\t\t<div class=\"elementor-element elementor-element-34318c7c e-con-full e-flex e-con e-child\" data-id=\"34318c7c\" data-element_type=\"container\">\n\t\t\t\t<div class=\"elementor-element elementor-element-1fdc96c0 elementor-widget elementor-widget-icon-box\" data-id=\"1fdc96c0\" data-element_type=\"widget\" data-widget_type=\"icon-box.default\">\n\t\t\t\t\t\t\t<div class=\"elementor-icon-box-wrapper\">\n\n\t\t\t\n\t\t\t\t\t\t<div class=\"elementor-icon-box-content\">\n\n\t\t\t\t\n\t\t\t\t\t\t\t\t\t<p class=\"elementor-icon-box-description\">\n\t\t\t\t\t\tConstru\u00edmos relacionamentos de neg\u00f3cios mutuamente ben\u00e9ficos, al\u00e9m das pr\u00e1ticas legais e\n\u00e9ticas, cumprindo nossos compromissos, de maneiras que excedem as expectativas de nossos\nclientes.\t\t\t\t\t<\/p>\n\t\t\t\t\n\t\t\t<\/div>\n\t\t\t\n\t\t<\/div>\n\t\t\t\t\t\t<\/div>\n\t\t\t\t<\/div>\n\t\t\t\t<\/div>\n\t\t\t\t\t<\/div>\n\t\t\t\t<\/div>\n\t\t<div class=\"elementor-element elementor-element-35a423d e-flex e-con-boxed e-con e-parent\" data-id=\"35a423d\" data-element_type=\"container\" data-settings=\"{&quot;background_background&quot;:&quot;classic&quot;}\">\n\t\t\t\t\t<div class=\"e-con-inner\">\n\t\t<div class=\"elementor-element elementor-element-3a6ae90 e-grid e-con-full e-con e-child\" data-id=\"3a6ae90\" data-element_type=\"container\">\n\t\t<div class=\"elementor-element elementor-element-bd8e719 e-con-full e-flex e-con e-child\" data-id=\"bd8e719\" data-element_type=\"container\" data-settings=\"{&quot;background_background&quot;:&quot;classic&quot;}\">\n\t\t\t\t<div class=\"elementor-element elementor-element-9e26321 elementor-widget elementor-widget-image\" data-id=\"9e26321\" data-element_type=\"widget\" data-widget_type=\"image.default\">\n\t\t\t\t\t\t\t\t\t\t\t\t\t\t\t<img decoding=\"async\" width=\"217\" height=\"40\" src=\"https:\/\/engevale.com\/site\/wp-content\/uploads\/2025\/07\/Asset-114@3x.png\" class=\"attachment-full size-full wp-image-941\" alt=\"\" \/>\t\t\t\t\t\t\t\t\t\t\t\t\t\t\t<\/div>\n\t\t\t\t<\/div>\n\t\t<div class=\"elementor-element elementor-element-0bb8cbd e-con-full e-flex e-con e-child\" data-id=\"0bb8cbd\" data-element_type=\"container\" data-settings=\"{&quot;background_background&quot;:&quot;classic&quot;}\">\n\t\t\t\t<div class=\"elementor-element elementor-element-698d2ac elementor-widget elementor-widget-image\" data-id=\"698d2ac\" data-element_type=\"widget\" data-widget_type=\"image.default\">\n\t\t\t\t\t\t\t\t\t\t\t\t\t\t\t<img decoding=\"async\" width=\"178\" height=\"40\" src=\"https:\/\/engevale.com\/site\/wp-content\/uploads\/2025\/07\/Asset-109@3x.png\" class=\"attachment-full size-full wp-image-939\" alt=\"\" \/>\t\t\t\t\t\t\t\t\t\t\t\t\t\t\t<\/div>\n\t\t\t\t<\/div>\n\t\t<div class=\"elementor-element elementor-element-635f627 e-con-full e-flex e-con e-child\" data-id=\"635f627\" data-element_type=\"container\" data-settings=\"{&quot;background_background&quot;:&quot;classic&quot;}\">\n\t\t\t\t<div class=\"elementor-element elementor-element-edac697 elementor-widget elementor-widget-image\" data-id=\"edac697\" data-element_type=\"widget\" data-widget_type=\"image.default\">\n\t\t\t\t\t\t\t\t\t\t\t\t\t\t\t<img decoding=\"async\" width=\"157\" height=\"40\" src=\"https:\/\/engevale.com\/site\/wp-content\/uploads\/2025\/07\/Asset-108@3x.png\" class=\"attachment-full size-full wp-image-940\" alt=\"\" \/>\t\t\t\t\t\t\t\t\t\t\t\t\t\t\t<\/div>\n\t\t\t\t<\/div>\n\t\t<div class=\"elementor-element elementor-element-ff7a2c3 e-con-full e-flex e-con e-child\" data-id=\"ff7a2c3\" data-element_type=\"container\" data-settings=\"{&quot;background_background&quot;:&quot;classic&quot;}\">\n\t\t\t\t<div class=\"elementor-element elementor-element-ee883c3 elementor-widget elementor-widget-image\" data-id=\"ee883c3\" data-element_type=\"widget\" data-widget_type=\"image.default\">\n\t\t\t\t\t\t\t\t\t\t\t\t\t\t\t<img loading=\"lazy\" decoding=\"async\" width=\"180\" height=\"40\" src=\"https:\/\/engevale.com\/site\/wp-content\/uploads\/2025\/07\/Asset-106@3x.png\" class=\"attachment-full size-full wp-image-942\" alt=\"\" \/>\t\t\t\t\t\t\t\t\t\t\t\t\t\t\t<\/div>\n\t\t\t\t<\/div>\n\t\t<div class=\"elementor-element elementor-element-b2d1e6f e-con-full e-flex e-con e-child\" data-id=\"b2d1e6f\" data-element_type=\"container\" data-settings=\"{&quot;background_background&quot;:&quot;classic&quot;}\">\n\t\t\t\t<div class=\"elementor-element elementor-element-2ffc997 elementor-widget elementor-widget-image\" data-id=\"2ffc997\" data-element_type=\"widget\" data-widget_type=\"image.default\">\n\t\t\t\t\t\t\t\t\t\t\t\t\t\t\t<img loading=\"lazy\" decoding=\"async\" width=\"780\" height=\"227\" src=\"https:\/\/engevale.com\/site\/wp-content\/uploads\/2025\/07\/Layer-1.png\" class=\"attachment-full size-full wp-image-1324\" alt=\"\" srcset=\"https:\/\/engevale.com\/site\/wp-content\/uploads\/2025\/07\/Layer-1.png 780w, https:\/\/engevale.com\/site\/wp-content\/uploads\/2025\/07\/Layer-1-300x87.png 300w, https:\/\/engevale.com\/site\/wp-content\/uploads\/2025\/07\/Layer-1-768x224.png 768w\" sizes=\"(max-width: 780px) 100vw, 780px\" \/>\t\t\t\t\t\t\t\t\t\t\t\t\t\t\t<\/div>\n\t\t\t\t<\/div>\n\t\t<div class=\"elementor-element elementor-element-8fc914e e-con-full e-flex e-con e-child\" data-id=\"8fc914e\" data-element_type=\"container\" data-settings=\"{&quot;background_background&quot;:&quot;classic&quot;}\">\n\t\t\t\t<div class=\"elementor-element elementor-element-86e0d3b elementor-widget elementor-widget-image\" data-id=\"86e0d3b\" data-element_type=\"widget\" data-widget_type=\"image.default\">\n\t\t\t\t\t\t\t\t\t\t\t\t\t\t\t<img loading=\"lazy\" decoding=\"async\" width=\"754\" height=\"364\" src=\"https:\/\/engevale.com\/site\/wp-content\/uploads\/2025\/07\/Asset-100@3x-1.png\" class=\"attachment-full size-full wp-image-1320\" alt=\"\" srcset=\"https:\/\/engevale.com\/site\/wp-content\/uploads\/2025\/07\/Asset-100@3x-1.png 754w, https:\/\/engevale.com\/site\/wp-content\/uploads\/2025\/07\/Asset-100@3x-1-300x145.png 300w\" sizes=\"(max-width: 754px) 100vw, 754px\" \/>\t\t\t\t\t\t\t\t\t\t\t\t\t\t\t<\/div>\n\t\t\t\t<\/div>\n\t\t<div class=\"elementor-element elementor-element-14c889b e-con-full e-flex e-con e-child\" data-id=\"14c889b\" data-element_type=\"container\" data-settings=\"{&quot;background_background&quot;:&quot;classic&quot;}\">\n\t\t\t\t<div class=\"elementor-element elementor-element-741aa45 elementor-widget elementor-widget-image\" data-id=\"741aa45\" data-element_type=\"widget\" data-widget_type=\"image.default\">\n\t\t\t\t\t\t\t\t\t\t\t\t\t\t\t<img loading=\"lazy\" decoding=\"async\" width=\"114\" height=\"40\" src=\"https:\/\/engevale.com\/site\/wp-content\/uploads\/2025\/07\/Asset-103@3x.png\" class=\"attachment-full size-full wp-image-945\" alt=\"\" \/>\t\t\t\t\t\t\t\t\t\t\t\t\t\t\t<\/div>\n\t\t\t\t<\/div>\n\t\t<div class=\"elementor-element elementor-element-eed8d47 e-con-full e-flex e-con e-child\" data-id=\"eed8d47\" data-element_type=\"container\" data-settings=\"{&quot;background_background&quot;:&quot;classic&quot;}\">\n\t\t\t\t<div class=\"elementor-element elementor-element-26e8c4d elementor-widget elementor-widget-image\" data-id=\"26e8c4d\" data-element_type=\"widget\" data-widget_type=\"image.default\">\n\t\t\t\t\t\t\t\t\t\t\t\t\t\t\t<img loading=\"lazy\" decoding=\"async\" width=\"88\" height=\"40\" src=\"https:\/\/engevale.com\/site\/wp-content\/uploads\/2025\/07\/Asset-101@3x.png\" class=\"attachment-full size-full wp-image-947\" alt=\"\" \/>\t\t\t\t\t\t\t\t\t\t\t\t\t\t\t<\/div>\n\t\t\t\t<\/div>\n\t\t<div class=\"elementor-element elementor-element-0746691 e-con-full e-flex e-con e-child\" data-id=\"0746691\" data-element_type=\"container\" data-settings=\"{&quot;background_background&quot;:&quot;classic&quot;}\">\n\t\t\t\t<div class=\"elementor-element elementor-element-102c097 elementor-widget elementor-widget-image\" data-id=\"102c097\" data-element_type=\"widget\" data-widget_type=\"image.default\">\n\t\t\t\t\t\t\t\t\t\t\t\t\t\t\t<img loading=\"lazy\" decoding=\"async\" width=\"187\" height=\"40\" src=\"https:\/\/engevale.com\/site\/wp-content\/uploads\/2025\/07\/Asset-112@3x.png\" class=\"attachment-full size-full wp-image-936\" alt=\"\" \/>\t\t\t\t\t\t\t\t\t\t\t\t\t\t\t<\/div>\n\t\t\t\t<\/div>\n\t\t<div class=\"elementor-element elementor-element-9cc995b e-con-full e-flex e-con e-child\" data-id=\"9cc995b\" data-element_type=\"container\" data-settings=\"{&quot;background_background&quot;:&quot;classic&quot;}\">\n\t\t\t\t<div class=\"elementor-element elementor-element-71c4eb7 elementor-widget elementor-widget-image\" data-id=\"71c4eb7\" data-element_type=\"widget\" data-widget_type=\"image.default\">\n\t\t\t\t\t\t\t\t\t\t\t\t\t\t\t<img loading=\"lazy\" decoding=\"async\" width=\"204\" height=\"40\" src=\"https:\/\/engevale.com\/site\/wp-content\/uploads\/2025\/07\/Asset-110@3x.png\" class=\"attachment-full size-full wp-image-938\" alt=\"\" \/>\t\t\t\t\t\t\t\t\t\t\t\t\t\t\t<\/div>\n\t\t\t\t<\/div>\n\t\t<div class=\"elementor-element elementor-element-e03b33c e-con-full e-flex e-con e-child\" data-id=\"e03b33c\" data-element_type=\"container\" data-settings=\"{&quot;background_background&quot;:&quot;classic&quot;}\">\n\t\t\t\t<div class=\"elementor-element elementor-element-eccdaef elementor-widget elementor-widget-image\" data-id=\"eccdaef\" data-element_type=\"widget\" data-widget_type=\"image.default\">\n\t\t\t\t\t\t\t\t\t\t\t\t\t\t\t<img loading=\"lazy\" decoding=\"async\" width=\"643\" height=\"642\" src=\"https:\/\/engevale.com\/site\/wp-content\/uploads\/2025\/07\/Asset-113@3x-1.png\" class=\"attachment-full size-full wp-image-1323\" alt=\"\" srcset=\"https:\/\/engevale.com\/site\/wp-content\/uploads\/2025\/07\/Asset-113@3x-1.png 643w, https:\/\/engevale.com\/site\/wp-content\/uploads\/2025\/07\/Asset-113@3x-1-300x300.png 300w, https:\/\/engevale.com\/site\/wp-content\/uploads\/2025\/07\/Asset-113@3x-1-150x150.png 150w\" sizes=\"(max-width: 643px) 100vw, 643px\" \/>\t\t\t\t\t\t\t\t\t\t\t\t\t\t\t<\/div>\n\t\t\t\t<\/div>\n\t\t<div class=\"elementor-element elementor-element-51c3d40 e-con-full e-flex e-con e-child\" data-id=\"51c3d40\" data-element_type=\"container\" data-settings=\"{&quot;background_background&quot;:&quot;classic&quot;}\">\n\t\t\t\t<div class=\"elementor-element elementor-element-58a0216 elementor-widget elementor-widget-image\" data-id=\"58a0216\" data-element_type=\"widget\" data-widget_type=\"image.default\">\n\t\t\t\t\t\t\t\t\t\t\t\t\t\t\t<img loading=\"lazy\" decoding=\"async\" width=\"700\" height=\"183\" src=\"https:\/\/engevale.com\/site\/wp-content\/uploads\/2025\/11\/logo-tanaris-700x183px-1.png\" class=\"attachment-full size-full wp-image-3581\" alt=\"\" srcset=\"https:\/\/engevale.com\/site\/wp-content\/uploads\/2025\/11\/logo-tanaris-700x183px-1.png 700w, https:\/\/engevale.com\/site\/wp-content\/uploads\/2025\/11\/logo-tanaris-700x183px-1-300x78.png 300w\" sizes=\"(max-width: 700px) 100vw, 700px\" \/>\t\t\t\t\t\t\t\t\t\t\t\t\t\t\t<\/div>\n\t\t\t\t<\/div>\n\t\t<div class=\"elementor-element elementor-element-93a0284 e-con-full e-flex e-con e-child\" data-id=\"93a0284\" data-element_type=\"container\" data-settings=\"{&quot;background_background&quot;:&quot;classic&quot;}\">\n\t\t\t\t<div class=\"elementor-element elementor-element-7f46fa3 elementor-widget elementor-widget-image\" data-id=\"7f46fa3\" data-element_type=\"widget\" data-widget_type=\"image.default\">\n\t\t\t\t\t\t\t\t\t\t\t\t\t\t\t<img loading=\"lazy\" decoding=\"async\" width=\"124\" height=\"40\" src=\"https:\/\/engevale.com\/site\/wp-content\/uploads\/2025\/07\/Asset-111@3x.png\" class=\"attachment-full size-full wp-image-937\" alt=\"\" \/>\t\t\t\t\t\t\t\t\t\t\t\t\t\t\t<\/div>\n\t\t\t\t<\/div>\n\t\t<div class=\"elementor-element elementor-element-1650898 e-con-full e-flex e-con e-child\" data-id=\"1650898\" data-element_type=\"container\" data-settings=\"{&quot;background_background&quot;:&quot;classic&quot;}\">\n\t\t\t\t<div class=\"elementor-element elementor-element-e0d392f elementor-widget elementor-widget-image\" data-id=\"e0d392f\" data-element_type=\"widget\" data-widget_type=\"image.default\">\n\t\t\t\t\t\t\t\t\t\t\t\t\t\t\t<img loading=\"lazy\" decoding=\"async\" width=\"218\" height=\"40\" src=\"https:\/\/engevale.com\/site\/wp-content\/uploads\/2025\/07\/Asset-105@3x.png\" class=\"attachment-full size-full wp-image-943\" alt=\"\" \/>\t\t\t\t\t\t\t\t\t\t\t\t\t\t\t<\/div>\n\t\t\t\t<\/div>\n\t\t<div class=\"elementor-element elementor-element-8d2ffff e-con-full e-flex e-con e-child\" data-id=\"8d2ffff\" data-element_type=\"container\" data-settings=\"{&quot;background_background&quot;:&quot;classic&quot;}\">\n\t\t\t\t<div class=\"elementor-element elementor-element-33204e5 elementor-widget elementor-widget-image\" data-id=\"33204e5\" data-element_type=\"widget\" data-widget_type=\"image.default\">\n\t\t\t\t\t\t\t\t\t\t\t\t\t\t\t<img loading=\"lazy\" decoding=\"async\" width=\"389\" height=\"477\" src=\"https:\/\/engevale.com\/site\/wp-content\/uploads\/2025\/07\/Asset-104@3x-1.png\" class=\"attachment-full size-full wp-image-1322\" alt=\"\" srcset=\"https:\/\/engevale.com\/site\/wp-content\/uploads\/2025\/07\/Asset-104@3x-1.png 389w, https:\/\/engevale.com\/site\/wp-content\/uploads\/2025\/07\/Asset-104@3x-1-245x300.png 245w\" sizes=\"(max-width: 389px) 100vw, 389px\" \/>\t\t\t\t\t\t\t\t\t\t\t\t\t\t\t<\/div>\n\t\t\t\t<\/div>\n\t\t\t\t<\/div>\n\t\t\t\t\t<\/div>\n\t\t\t\t<\/div>\n\t\t<div class=\"elementor-element elementor-element-906c345 e-flex e-con-boxed e-con e-parent\" data-id=\"906c345\" data-element_type=\"container\" data-settings=\"{&quot;background_background&quot;:&quot;classic&quot;}\">\n\t\t\t\t\t<div class=\"e-con-inner\">\n\t\t<div class=\"elementor-element elementor-element-951c56d e-con-full e-flex e-con e-child\" data-id=\"951c56d\" data-element_type=\"container\" data-settings=\"{&quot;background_background&quot;:&quot;classic&quot;}\">\n\t\t\t\t<div class=\"elementor-element elementor-element-57e39ef elementor-widget__width-initial elementor-widget elementor-widget-heading\" data-id=\"57e39ef\" data-element_type=\"widget\" data-widget_type=\"heading.default\">\n\t\t\t\t\t<h2 class=\"elementor-heading-title elementor-size-default\">Deseja saber mais sobre nossas solu\u00e7\u00f5es propostas na \u00e1rea civil ou industrial? Fa\u00e7a o download de nossa apresenta\u00e7\u00e3o comercial.<\/h2>\t\t\t\t<\/div>\n\t\t\t\t<div class=\"elementor-element elementor-element-1cca5b0 elementor-widget elementor-widget-button\" data-id=\"1cca5b0\" data-element_type=\"widget\" data-widget_type=\"button.default\">\n\t\t\t\t\t\t\t\t\t\t<a class=\"elementor-button elementor-button-link elementor-size-sm\" href=\"https:\/\/engevale.com\/site\/wp-content\/uploads\/2026\/01\/Apresentacao-Comercial-Engevale-Engenharia-2026.pdf\" target=\"_blank\">\n\t\t\t\t\t\t<span class=\"elementor-button-content-wrapper\">\n\t\t\t\t\t\t\t\t\t<span class=\"elementor-button-text\">Download<\/span>\n\t\t\t\t\t<\/span>\n\t\t\t\t\t<\/a>\n\t\t\t\t\t\t\t\t<\/div>\n\t\t\t\t<\/div>\n\t\t\t\t\t<\/div>\n\t\t\t\t<\/div>\n\t\t\t\t<\/div>\n\t\t","protected":false},"excerpt":{"rendered":"<p>Nossos Clientes Nossos valores definem nosso comportamento comercial. Eles s\u00e3o o alicerce para as atividades de hoje e o crescimento de amanh\u00e3. Acreditamos que honestidade, transpar\u00eancia, responsabilidade e dedica\u00e7\u00e3o s\u00e3o a base da confian\u00e7a. Constru\u00edmos relacionamentos de neg\u00f3cios mutuamente ben\u00e9ficos, al\u00e9m das pr\u00e1ticas legais e \u00e9ticas, cumprindo nossos compromissos, de maneiras que excedem as expectativas [&hellip;]<\/p>\n","protected":false},"author":1,"featured_media":0,"parent":0,"menu_order":0,"comment_status":"closed","ping_status":"closed","template":"","meta":{"footnotes":""},"class_list":["post-30","page","type-page","status-publish","hentry"],"_links":{"self":[{"href":"https:\/\/engevale.com\/site\/wp-json\/wp\/v2\/pages\/30","targetHints":{"allow":["GET"]}}],"collection":[{"href":"https:\/\/engevale.com\/site\/wp-json\/wp\/v2\/pages"}],"about":[{"href":"https:\/\/engevale.com\/site\/wp-json\/wp\/v2\/types\/page"}],"author":[{"embeddable":true,"href":"https:\/\/engevale.com\/site\/wp-json\/wp\/v2\/users\/1"}],"replies":[{"embeddable":true,"href":"https:\/\/engevale.com\/site\/wp-json\/wp\/v2\/comments?post=30"}],"version-history":[{"count":113,"href":"https:\/\/engevale.com\/site\/wp-json\/wp\/v2\/pages\/30\/revisions"}],"predecessor-version":[{"id":3719,"href":"https:\/\/engevale.com\/site\/wp-json\/wp\/v2\/pages\/30\/revisions\/3719"}],"wp:attachment":[{"href":"https:\/\/engevale.com\/site\/wp-json\/wp\/v2\/media?parent=30"}],"curies":[{"name":"wp","href":"https:\/\/api.w.org\/{rel}","templated":true}]}}