{"id":28,"date":"2025-06-30T18:50:44","date_gmt":"2025-06-30T18:50:44","guid":{"rendered":"https:\/\/engevale.danilolimadesign.com.br\/?page_id=28"},"modified":"2025-08-01T13:48:25","modified_gmt":"2025-08-01T16:48:25","slug":"certificacoes","status":"publish","type":"page","link":"https:\/\/engevale.com\/site\/certificacoes\/","title":{"rendered":"Certifica\u00e7\u00f5es"},"content":{"rendered":"\t\t<div data-elementor-type=\"wp-page\" data-elementor-id=\"28\" class=\"elementor elementor-28\" data-elementor-post-type=\"page\">\n\t\t\t\t<div class=\"elementor-element elementor-element-95a0ce1 e-flex e-con-boxed e-con e-parent\" data-id=\"95a0ce1\" data-element_type=\"container\" data-settings=\"{&quot;background_background&quot;:&quot;gradient&quot;,&quot;shape_divider_bottom&quot;:&quot;arrow&quot;}\">\n\t\t\t\t\t<div class=\"e-con-inner\">\n\t\t\t\t<div class=\"elementor-shape elementor-shape-bottom\" aria-hidden=\"true\" data-negative=\"false\">\n\t\t\t<svg xmlns=\"http:\/\/www.w3.org\/2000\/svg\" viewBox=\"0 0 700 10\" preserveAspectRatio=\"none\">\n\t<path class=\"elementor-shape-fill\" d=\"M350,10L340,0h20L350,10z\"\/>\n<\/svg>\t\t<\/div>\n\t\t<div class=\"elementor-element elementor-element-b68c655 e-con-full e-flex e-con e-child\" data-id=\"b68c655\" data-element_type=\"container\">\n\t\t\t\t<div class=\"elementor-element elementor-element-fe8fdbb elementor-widget elementor-widget-heading\" data-id=\"fe8fdbb\" data-element_type=\"widget\" data-widget_type=\"heading.default\">\n\t\t\t\t\t<h1 class=\"elementor-heading-title elementor-size-default\">Certifica\u00e7\u00f5es<\/h1>\t\t\t\t<\/div>\n\t\t\t\t<\/div>\n\t\t\t\t\t<\/div>\n\t\t\t\t<\/div>\n\t\t<div class=\"elementor-element elementor-element-ebbdc4b e-flex e-con-boxed e-con e-parent\" data-id=\"ebbdc4b\" data-element_type=\"container\" data-settings=\"{&quot;background_background&quot;:&quot;classic&quot;}\">\n\t\t\t\t\t<div class=\"e-con-inner\">\n\t\t<div class=\"elementor-element elementor-element-953af8a e-con-full e-flex e-con e-child\" data-id=\"953af8a\" data-element_type=\"container\">\n\t\t<div class=\"elementor-element elementor-element-6bb7c82 e-con-full e-flex e-con e-child\" data-id=\"6bb7c82\" data-element_type=\"container\">\n\t\t\t\t<div class=\"elementor-element elementor-element-59da50b elementor-widget__width-initial elementor-widget-mobile__width-inherit elementor-widget elementor-widget-heading\" data-id=\"59da50b\" data-element_type=\"widget\" data-widget_type=\"heading.default\">\n\t\t\t\t\t<h2 class=\"elementor-heading-title elementor-size-default\"><span style=\"color:#848484\">Com o objetivo de garantir<\/span> a satisfa\u00e7\u00e3o de nossos clientes<\/h2>\t\t\t\t<\/div>\n\t\t\t\t<div class=\"elementor-element elementor-element-7a5e39c elementor-widget__width-initial elementor-widget-mobile__width-inherit elementor-widget elementor-widget-text-editor\" data-id=\"7a5e39c\" data-element_type=\"widget\" data-widget_type=\"text-editor.default\">\n\t\t\t\t\t\t\t\t\t<p>e manter o controle eficaz sobre as a\u00e7\u00f5es que impactam a qualidade dos servi\u00e7os e a melhoria cont\u00ednua dos resultados, a Engevale Engenharia conta com as seguintes certifica\u00e7\u00f5es:<\/p>\t\t\t\t\t\t\t\t<\/div>\n\t\t\t\t<\/div>\n\t\t\t\t<\/div>\n\t\t<div class=\"elementor-element elementor-element-e40006c e-con-full e-flex e-con e-child\" data-id=\"e40006c\" data-element_type=\"container\">\n\t\t\t\t<div class=\"elementor-element elementor-element-50af5e3 elementor-widget__width-initial elementor-widget-mobile__width-inherit elementor-hidden-desktop elementor-hidden-tablet elementor-widget elementor-widget-heading\" data-id=\"50af5e3\" data-element_type=\"widget\" data-widget_type=\"heading.default\">\n\t\t\t\t\t<h2 class=\"elementor-heading-title elementor-size-default\"><span style=\"color:#848484\">ISO 9001:2015<\/span> \u2014 Qualidade<\/h2>\t\t\t\t<\/div>\n\t\t<div class=\"elementor-element elementor-element-30f51a5 e-con-full e-flex e-con e-child\" data-id=\"30f51a5\" data-element_type=\"container\" data-settings=\"{&quot;background_background&quot;:&quot;classic&quot;}\">\n\t\t\t\t<\/div>\n\t\t<div class=\"elementor-element elementor-element-694a98f e-con-full e-flex e-con e-child\" data-id=\"694a98f\" data-element_type=\"container\">\n\t\t\t\t<div class=\"elementor-element elementor-element-7bec57b elementor-widget__width-initial elementor-widget-mobile__width-inherit elementor-hidden-mobile elementor-widget elementor-widget-heading\" data-id=\"7bec57b\" data-element_type=\"widget\" data-widget_type=\"heading.default\">\n\t\t\t\t\t<h2 class=\"elementor-heading-title elementor-size-default\"><span style=\"color:#848484\">ISO 9001:2015<\/span> \u2014 Qualidade<\/h2>\t\t\t\t<\/div>\n\t\t\t\t<div class=\"elementor-element elementor-element-593377d elementor-widget__width-inherit elementor-widget-mobile__width-inherit elementor-widget elementor-widget-text-editor\" data-id=\"593377d\" data-element_type=\"widget\" data-widget_type=\"text-editor.default\">\n\t\t\t\t\t\t\t\t\t<p>Na Engevale Engenharia, a qualidade \u00e9 um compromisso permanente. Atuamos com foco na otimiza\u00e7\u00e3o de processos, alto desempenho e efici\u00eancia operacional.<\/p><p>Como reflexo dessa dedica\u00e7\u00e3o, desde 2020 somos certificados pela norma ISO 9001:2015 \u2014 um padr\u00e3o internacionalmente reconhecido do Sistema de Gest\u00e3o da Qualidade (SGQ).<\/p><p>Essa certifica\u00e7\u00e3o oferece a base para uma gest\u00e3o estruturada, voltada \u00e0 excel\u00eancia nos processos, padroniza\u00e7\u00e3o das opera\u00e7\u00f5es e redu\u00e7\u00e3o de falhas, assegurando a consist\u00eancia e a qualidade de nossos servi\u00e7os, bem como a plena satisfa\u00e7\u00e3o de nossos clientes.<\/p>\t\t\t\t\t\t\t\t<\/div>\n\t\t\t\t<\/div>\n\t\t\t\t<\/div>\n\t\t<div class=\"elementor-element elementor-element-a4fbb23 e-con-full e-flex e-con e-child\" data-id=\"a4fbb23\" data-element_type=\"container\">\n\t\t\t\t<div class=\"elementor-element elementor-element-2bf3161 elementor-widget__width-initial elementor-widget-mobile__width-inherit elementor-hidden-desktop elementor-hidden-tablet elementor-widget elementor-widget-heading\" data-id=\"2bf3161\" data-element_type=\"widget\" data-widget_type=\"heading.default\">\n\t\t\t\t\t<h2 class=\"elementor-heading-title elementor-size-default\"><span style=\"color:#848484\">ISO 14001:2015<\/span> <br>\u2014 Meio Ambiente<\/h2>\t\t\t\t<\/div>\n\t\t<div class=\"elementor-element elementor-element-8db0374 e-con-full e-flex e-con e-child\" data-id=\"8db0374\" data-element_type=\"container\" data-settings=\"{&quot;background_background&quot;:&quot;classic&quot;}\">\n\t\t\t\t<\/div>\n\t\t<div class=\"elementor-element elementor-element-f1e474e e-con-full e-flex e-con e-child\" data-id=\"f1e474e\" data-element_type=\"container\">\n\t\t\t\t<div class=\"elementor-element elementor-element-94a230d elementor-widget__width-initial elementor-widget-mobile__width-inherit elementor-hidden-mobile elementor-widget elementor-widget-heading\" data-id=\"94a230d\" data-element_type=\"widget\" data-widget_type=\"heading.default\">\n\t\t\t\t\t<h2 class=\"elementor-heading-title elementor-size-default\"><span style=\"color:#848484\">ISO 14001:2015<\/span> \u2014 Meio Ambiente<\/h2>\t\t\t\t<\/div>\n\t\t\t\t<div class=\"elementor-element elementor-element-7bf7e13 elementor-widget__width-inherit elementor-widget-mobile__width-inherit elementor-widget elementor-widget-text-editor\" data-id=\"7bf7e13\" data-element_type=\"widget\" data-widget_type=\"text-editor.default\">\n\t\t\t\t\t\t\t\t\t<p>Na Engevale Engenharia, o compromisso com o desenvolvimento sustent\u00e1vel e a preserva\u00e7\u00e3o do meio ambiente \u00e9 um dos pilares da nossa atua\u00e7\u00e3o.<\/p><p>Trabalhamos com foco no uso racional dos recursos naturais e na ado\u00e7\u00e3o de pr\u00e1ticas ambientalmente respons\u00e1veis.<\/p><p>Como reconhecimento desse compromisso, desde 2017 somos certificados pela norma ISO 14001:2015 \u2014 refer\u00eancia internacional para Sistemas de Gest\u00e3o Ambiental.<\/p><p>Essa certifica\u00e7\u00e3o orienta a implementa\u00e7\u00e3o de processos sustent\u00e1veis, promove a melhoria cont\u00ednua do desempenho ambiental e refor\u00e7a nosso engajamento com a responsabilidade socioambiental em todas as etapas de nossos projetos.<\/p>\t\t\t\t\t\t\t\t<\/div>\n\t\t\t\t<\/div>\n\t\t\t\t<\/div>\n\t\t<div class=\"elementor-element elementor-element-ceeda51 e-con-full e-flex e-con e-child\" data-id=\"ceeda51\" data-element_type=\"container\">\n\t\t\t\t<div class=\"elementor-element elementor-element-10d1901 elementor-widget__width-initial elementor-widget-mobile__width-inherit elementor-hidden-desktop elementor-hidden-tablet elementor-widget elementor-widget-heading\" data-id=\"10d1901\" data-element_type=\"widget\" data-widget_type=\"heading.default\">\n\t\t\t\t\t<h2 class=\"elementor-heading-title elementor-size-default\"><span style=\"color:#848484\">ISO 45001:2018<\/span><br> \u2014 Sa\u00fade e Seguran\u00e7a<\/h2>\t\t\t\t<\/div>\n\t\t<div class=\"elementor-element elementor-element-8bc8242 e-con-full e-flex e-con e-child\" data-id=\"8bc8242\" data-element_type=\"container\" data-settings=\"{&quot;background_background&quot;:&quot;classic&quot;}\">\n\t\t\t\t<\/div>\n\t\t<div class=\"elementor-element elementor-element-8dad11e e-con-full e-flex e-con e-child\" data-id=\"8dad11e\" data-element_type=\"container\">\n\t\t\t\t<div class=\"elementor-element elementor-element-1c2f5ac elementor-widget__width-initial elementor-widget-mobile__width-inherit elementor-hidden-mobile elementor-widget elementor-widget-heading\" data-id=\"1c2f5ac\" data-element_type=\"widget\" data-widget_type=\"heading.default\">\n\t\t\t\t\t<h2 class=\"elementor-heading-title elementor-size-default\"><span style=\"color:#848484\">ISO 45001:2018<\/span> \u2014 Sa\u00fade e Seguran\u00e7a<\/h2>\t\t\t\t<\/div>\n\t\t\t\t<div class=\"elementor-element elementor-element-0d55de0 elementor-widget__width-inherit elementor-widget-mobile__width-inherit elementor-widget elementor-widget-text-editor\" data-id=\"0d55de0\" data-element_type=\"widget\" data-widget_type=\"text-editor.default\">\n\t\t\t\t\t\t\t\t\t<p>Na Engevale Engenharia, a sa\u00fade e a seguran\u00e7a de nossos funcion\u00e1rios s\u00e3o prioridades essenciais. Atuamos em conformidade com as melhores pr\u00e1ticas de gest\u00e3o em Sa\u00fade e Seguran\u00e7a Ocupacional, com foco na preven\u00e7\u00e3o de acidentes, na redu\u00e7\u00e3o de riscos e na promo\u00e7\u00e3o de ambientes de trabalho seguros e saud\u00e1veis.<\/p><p>Como reconhecimento desse compromisso, desde 2019 somos certificados pela norma internacional ISO 45001:2018 \u2014 refer\u00eancia em Sistemas de Gest\u00e3o de Sa\u00fade e Seguran\u00e7a Ocupacional (SGSSO). Essa certifica\u00e7\u00e3o fortalece nossa capacidade de melhorar continuamente o desempenho em Sa\u00fade e Seguran\u00e7a do Trabalho (SST), assegurando bem-estar, qualidade de vida e prote\u00e7\u00e3o integral aos nossos profissionais.<\/p>\t\t\t\t\t\t\t\t<\/div>\n\t\t\t\t<\/div>\n\t\t\t\t<\/div>\n\t\t\t\t\t<\/div>\n\t\t\t\t<\/div>\n\t\t\t\t<\/div>\n\t\t","protected":false},"excerpt":{"rendered":"<p>Certifica\u00e7\u00f5es Com o objetivo de garantir a satisfa\u00e7\u00e3o de nossos clientes e manter o controle eficaz sobre as a\u00e7\u00f5es que impactam a qualidade dos servi\u00e7os e a melhoria cont\u00ednua dos resultados, a Engevale Engenharia conta com as seguintes certifica\u00e7\u00f5es: ISO 9001:2015 \u2014 Qualidade ISO 9001:2015 \u2014 Qualidade Na Engevale Engenharia, a qualidade \u00e9 um compromisso [&hellip;]<\/p>\n","protected":false},"author":1,"featured_media":0,"parent":0,"menu_order":0,"comment_status":"closed","ping_status":"closed","template":"","meta":{"footnotes":""},"class_list":["post-28","page","type-page","status-publish","hentry"],"_links":{"self":[{"href":"https:\/\/engevale.com\/site\/wp-json\/wp\/v2\/pages\/28","targetHints":{"allow":["GET"]}}],"collection":[{"href":"https:\/\/engevale.com\/site\/wp-json\/wp\/v2\/pages"}],"about":[{"href":"https:\/\/engevale.com\/site\/wp-json\/wp\/v2\/types\/page"}],"author":[{"embeddable":true,"href":"https:\/\/engevale.com\/site\/wp-json\/wp\/v2\/users\/1"}],"replies":[{"embeddable":true,"href":"https:\/\/engevale.com\/site\/wp-json\/wp\/v2\/comments?post=28"}],"version-history":[{"count":82,"href":"https:\/\/engevale.com\/site\/wp-json\/wp\/v2\/pages\/28\/revisions"}],"predecessor-version":[{"id":2942,"href":"https:\/\/engevale.com\/site\/wp-json\/wp\/v2\/pages\/28\/revisions\/2942"}],"wp:attachment":[{"href":"https:\/\/engevale.com\/site\/wp-json\/wp\/v2\/media?parent=28"}],"curies":[{"name":"wp","href":"https:\/\/api.w.org\/{rel}","templated":true}]}}