{"id":1584,"date":"2025-07-11T15:17:18","date_gmt":"2025-07-11T15:17:18","guid":{"rendered":"https:\/\/kezae.com\/engevale\/?page_id=1584"},"modified":"2025-08-01T10:50:34","modified_gmt":"2025-08-01T13:50:34","slug":"quem-somos","status":"publish","type":"page","link":"https:\/\/engevale.com\/site\/quem-somos\/","title":{"rendered":"Quem somos"},"content":{"rendered":"\t\t<div data-elementor-type=\"wp-page\" data-elementor-id=\"1584\" class=\"elementor elementor-1584\" data-elementor-post-type=\"page\">\n\t\t\t\t<div class=\"elementor-element elementor-element-77a5b95 e-flex e-con-boxed e-con e-parent\" data-id=\"77a5b95\" data-element_type=\"container\" data-settings=\"{&quot;background_background&quot;:&quot;gradient&quot;,&quot;shape_divider_bottom&quot;:&quot;arrow&quot;}\">\n\t\t\t\t\t<div class=\"e-con-inner\">\n\t\t\t\t<div class=\"elementor-shape elementor-shape-bottom\" aria-hidden=\"true\" data-negative=\"false\">\n\t\t\t<svg xmlns=\"http:\/\/www.w3.org\/2000\/svg\" viewBox=\"0 0 700 10\" preserveAspectRatio=\"none\">\n\t<path class=\"elementor-shape-fill\" d=\"M350,10L340,0h20L350,10z\"\/>\n<\/svg>\t\t<\/div>\n\t\t<div class=\"elementor-element elementor-element-1f61e25c e-con-full e-flex e-con e-child\" data-id=\"1f61e25c\" data-element_type=\"container\">\n\t\t\t\t<div class=\"elementor-element elementor-element-1a94ffeb elementor-widget elementor-widget-heading\" data-id=\"1a94ffeb\" data-element_type=\"widget\" data-widget_type=\"heading.default\">\n\t\t\t\t\t<h1 class=\"elementor-heading-title elementor-size-default\">Quem Somos<\/h1>\t\t\t\t<\/div>\n\t\t\t\t<\/div>\n\t\t\t\t\t<\/div>\n\t\t\t\t<\/div>\n\t\t<div class=\"elementor-element elementor-element-50bd54d4 e-flex e-con-boxed e-con e-parent\" data-id=\"50bd54d4\" data-element_type=\"container\" data-settings=\"{&quot;background_background&quot;:&quot;classic&quot;}\">\n\t\t\t\t\t<div class=\"e-con-inner\">\n\t\t<div class=\"elementor-element elementor-element-b93e366 e-con-full e-flex e-con e-child\" data-id=\"b93e366\" data-element_type=\"container\">\n\t\t\t\t<div class=\"elementor-element elementor-element-1aa9dcbb elementor-widget__width-initial elementor-widget-mobile__width-inherit elementor-widget elementor-widget-heading\" data-id=\"1aa9dcbb\" data-element_type=\"widget\" data-widget_type=\"heading.default\">\n\t\t\t\t\t<h2 class=\"elementor-heading-title elementor-size-default\">Nossa Hist\u00f3ria<\/h2>\t\t\t\t<\/div>\n\t\t\t\t<div class=\"elementor-element elementor-element-3d35e592 elementor-widget__width-initial elementor-widget-mobile__width-inherit elementor-widget elementor-widget-text-editor\" data-id=\"3d35e592\" data-element_type=\"widget\" data-widget_type=\"text-editor.default\">\n\t\t\t\t\t\t\t\t\t<p>Fundada no ano de 1999 e contando com escrit\u00f3rios nas cidades de Taubat\u00e9, Trememb\u00e9 e S\u00e3o Paulo, a Engevale Engenharia \u00e9 uma s\u00f3lida empresa de engenharia, com opera\u00e7\u00f5es nos segmentos privado e p\u00fablico, e que atua em todo o Brasil, prestando servi\u00e7os diferenciados em \u00e1reas como Paradas Programadas de Manuten\u00e7\u00e3o, Manuten\u00e7\u00e3o de Rotina, Manuten\u00e7\u00e3o Industrial, Caldeiraria Especializada, Constru\u00e7\u00e3o Civil Pesada, Montagens Eletromec\u00e2nicas, dentre outros.<\/p><p>Nesse sentido, contamos com uma robusta estrutura operacional, apta a garantir em favor de nossos clientes um amplo leque de solu\u00e7\u00f5es, de forma a atender plenamente suas necessidades, com seguran\u00e7a, qualidade, velocidade e efici\u00eancia.\u00a0<\/p>\t\t\t\t\t\t\t\t<\/div>\n\t\t\t\t<\/div>\n\t\t<div class=\"elementor-element elementor-element-56311321 e-con-full e-flex e-con e-child\" data-id=\"56311321\" data-element_type=\"container\">\n\t\t\t\t<div class=\"elementor-element elementor-element-542f5e69 elementor-widget__width-initial elementor-widget-mobile__width-inherit elementor-widget elementor-widget-text-editor\" data-id=\"542f5e69\" data-element_type=\"widget\" data-widget_type=\"text-editor.default\">\n\t\t\t\t\t\t\t\t\t<p>Como principal instrumento de atendimento, temos a compet\u00eancia e dedica\u00e7\u00e3o de nossa equipe de profissionais, sempre comprometida com a excel\u00eancia operacional, satisfa\u00e7\u00e3o das partes interessadas e com os resultados, em todos os servi\u00e7os oferecidos.<\/p><p>Mais do que apenas uma empresa de engenharia, somos impulsionados pelo desejo de superar as expectativas dos nossos clientes e, acima de tudo, proporcionar um ambiente de trabalho seguro e estimulante para nossos colaboradores. Acreditamos que ao investir no bem-estar e na capacita\u00e7\u00e3o de nossa equipe, estamos construindo um futuro sustent\u00e1vel para a Engevale Engenharia e, por extens\u00e3o, para todos aqueles que confiam em nosso trabalho.<\/p>\t\t\t\t\t\t\t\t<\/div>\n\t\t\t\t<\/div>\n\t\t\t\t\t<\/div>\n\t\t\t\t<\/div>\n\t\t<div class=\"elementor-element elementor-element-2a10bd91 e-flex e-con-boxed e-con e-parent\" data-id=\"2a10bd91\" data-element_type=\"container\" data-settings=\"{&quot;background_background&quot;:&quot;classic&quot;}\">\n\t\t\t\t\t<div class=\"e-con-inner\">\n\t\t<div class=\"elementor-element elementor-element-67b38b2c e-con-full e-flex e-con e-child\" data-id=\"67b38b2c\" data-element_type=\"container\">\n\t\t\t\t<div class=\"elementor-element elementor-element-18f689de elementor-widget__width-initial elementor-widget-mobile__width-inherit elementor-widget elementor-widget-heading\" data-id=\"18f689de\" data-element_type=\"widget\" data-widget_type=\"heading.default\">\n\t\t\t\t\t<h2 class=\"elementor-heading-title elementor-size-default\">Miss\u00e3o<\/h2>\t\t\t\t<\/div>\n\t\t\t\t<div class=\"elementor-element elementor-element-f5d8916 elementor-widget__width-initial elementor-widget-mobile__width-inherit elementor-widget elementor-widget-text-editor\" data-id=\"f5d8916\" data-element_type=\"widget\" data-widget_type=\"text-editor.default\">\n\t\t\t\t\t\t\t\t\t<p>Liderando com inova\u00e7\u00e3o, nossa miss\u00e3o \u00e9 encantar cada cliente, proporcionando solu\u00e7\u00f5es de excel\u00eancia e confian\u00e7a. Comprometemo-nos a agir de forma inovadora, sustent\u00e1vel e dedicada, criando um impacto positivo e duradouro.<\/p><p>Estamos profundamente empenhados em compreender as necessidades de nossos clientes, ajustando nossas solu\u00e7\u00f5es para superar desafios e entregar resultados excepcionais que perduram ao longo do tempo.<\/p>\t\t\t\t\t\t\t\t<\/div>\n\t\t\t\t<div class=\"elementor-element elementor-element-22ea7404 elementor-widget__width-initial elementor-widget-mobile__width-inherit elementor-widget elementor-widget-heading\" data-id=\"22ea7404\" data-element_type=\"widget\" data-widget_type=\"heading.default\">\n\t\t\t\t\t<h2 class=\"elementor-heading-title elementor-size-default\">Vis\u00e3o<\/h2>\t\t\t\t<\/div>\n\t\t\t\t<div class=\"elementor-element elementor-element-24030f0b elementor-widget__width-initial elementor-widget-mobile__width-inherit elementor-widget elementor-widget-text-editor\" data-id=\"24030f0b\" data-element_type=\"widget\" data-widget_type=\"text-editor.default\">\n\t\t\t\t\t\t\t\t\t<p>Estabelecer padr\u00f5es de excel\u00eancia no segmento de engenharia, comprometendo-nos com a total satisfa\u00e7\u00e3o de nossos clientes e com o cont\u00ednuo aprimoramento de nossos processos.<\/p><p>Nosso objetivo n\u00e3o \u00e9 apenas atender \u00e0s expectativas, mas super\u00e1-las, criando normas elevadas e duradouras. Enxergamos nossa vis\u00e3o n\u00e3o apenas como uma lideran\u00e7a no mercado, mas como uma for\u00e7a transformadora, inspirando outras organiza\u00e7\u00f5es a adotarem pr\u00e1ticas sustent\u00e1veis e inovadoras. Desejamos ser reconhecidos n\u00e3o apenas pelas estruturas que constru\u00edmos, mas pelo impacto positivo que deixamos nas comunidades em que estamos presentes.<\/p>\t\t\t\t\t\t\t\t<\/div>\n\t\t\t\t<\/div>\n\t\t<div class=\"elementor-element elementor-element-48d11540 e-con-full e-flex e-con e-child\" data-id=\"48d11540\" data-element_type=\"container\">\n\t\t\t\t<div class=\"elementor-element elementor-element-13f2e53a elementor-widget elementor-widget-image\" data-id=\"13f2e53a\" data-element_type=\"widget\" data-widget_type=\"image.default\">\n\t\t\t\t\t\t\t\t\t\t\t\t\t\t\t<img fetchpriority=\"high\" decoding=\"async\" width=\"768\" height=\"1024\" src=\"https:\/\/engevale.com\/site\/wp-content\/uploads\/2025\/07\/Foto-pagina-03-missao-valores-copy-1.webp\" class=\"attachment-large size-large wp-image-1587\" alt=\"\" srcset=\"https:\/\/engevale.com\/site\/wp-content\/uploads\/2025\/07\/Foto-pagina-03-missao-valores-copy-1.webp 768w, https:\/\/engevale.com\/site\/wp-content\/uploads\/2025\/07\/Foto-pagina-03-missao-valores-copy-1-225x300.webp 225w\" sizes=\"(max-width: 768px) 100vw, 768px\" \/>\t\t\t\t\t\t\t\t\t\t\t\t\t\t\t<\/div>\n\t\t\t\t<\/div>\n\t\t\t\t\t<\/div>\n\t\t\t\t<\/div>\n\t\t<div class=\"elementor-element elementor-element-29452573 e-flex e-con-boxed e-con e-parent\" data-id=\"29452573\" data-element_type=\"container\" data-settings=\"{&quot;background_background&quot;:&quot;classic&quot;}\">\n\t\t\t\t\t<div class=\"e-con-inner\">\n\t\t\t\t<div class=\"elementor-element elementor-element-7e8c48d9 elementor-widget__width-inherit elementor-widget-mobile__width-inherit elementor-widget elementor-widget-heading\" data-id=\"7e8c48d9\" data-element_type=\"widget\" data-widget_type=\"heading.default\">\n\t\t\t\t\t<h2 class=\"elementor-heading-title elementor-size-default\">Valores<\/h2>\t\t\t\t<\/div>\n\t\t<div class=\"elementor-element elementor-element-633e710f e-con-full e-flex e-con e-child\" data-id=\"633e710f\" data-element_type=\"container\">\n\t\t<div class=\"elementor-element elementor-element-7740c0fe e-con-full e-flex e-con e-child\" data-id=\"7740c0fe\" data-element_type=\"container\">\n\t\t<div class=\"elementor-element elementor-element-33e6b1ca e-con-full e-flex e-con e-child\" data-id=\"33e6b1ca\" data-element_type=\"container\" data-settings=\"{&quot;background_background&quot;:&quot;classic&quot;}\">\n\t\t\t\t<div class=\"elementor-element elementor-element-7066e9ff elementor-widget-mobile__width-inherit elementor-widget elementor-widget-icon-box\" data-id=\"7066e9ff\" data-element_type=\"widget\" data-widget_type=\"icon-box.default\">\n\t\t\t\t\t\t\t<div class=\"elementor-icon-box-wrapper\">\n\n\t\t\t\n\t\t\t\t\t\t<div class=\"elementor-icon-box-content\">\n\n\t\t\t\t\t\t\t\t\t<h3 class=\"elementor-icon-box-title\">\n\t\t\t\t\t\t<span  >\n\t\t\t\t\t\t\tPessoas em<br>primeiro lugar\t\t\t\t\t\t<\/span>\n\t\t\t\t\t<\/h3>\n\t\t\t\t\n\t\t\t\t\t\t\t\t\t<p class=\"elementor-icon-box-description\">\n\t\t\t\t\t\tReconhecemos as pessoas como nosso ativo mais valioso, promovendo um ambiente de\ntrabalho inclusivo e inspirador. Estamos empenhados em desenvolver o potencial de\nnossos funcion\u00e1rios, proporcionando oportunidades de crescimento profissional e\npessoal.\t\t\t\t\t<\/p>\n\t\t\t\t\n\t\t\t<\/div>\n\t\t\t\n\t\t<\/div>\n\t\t\t\t\t\t<\/div>\n\t\t\t\t<\/div>\n\t\t<div class=\"elementor-element elementor-element-49a035cf e-con-full e-flex e-con e-child\" data-id=\"49a035cf\" data-element_type=\"container\" data-settings=\"{&quot;background_background&quot;:&quot;classic&quot;}\">\n\t\t\t\t<div class=\"elementor-element elementor-element-63c961e0 elementor-widget-mobile__width-inherit elementor-widget elementor-widget-icon-box\" data-id=\"63c961e0\" data-element_type=\"widget\" data-widget_type=\"icon-box.default\">\n\t\t\t\t\t\t\t<div class=\"elementor-icon-box-wrapper\">\n\n\t\t\t\n\t\t\t\t\t\t<div class=\"elementor-icon-box-content\">\n\n\t\t\t\t\t\t\t\t\t<h3 class=\"elementor-icon-box-title\">\n\t\t\t\t\t\t<span  >\n\t\t\t\t\t\t\tGuardi\u00f5es<br>do ambiente\t\t\t\t\t\t<\/span>\n\t\t\t\t\t<\/h3>\n\t\t\t\t\n\t\t\t\t\t\t\t\t\t<p class=\"elementor-icon-box-description\">\n\t\t\t\t\t\tRespeitamos e preservamos o meio ambiente, adotando pr\u00e1ticas controladas e\nsustent\u00e1veis em todas as nossas opera\u00e7\u00f5es. Nosso compromisso vai al\u00e9m do\ncumprimento das normas ambientais: buscamos constantemente maneiras de reduzir nosso impacto e promover a conserva\u00e7\u00e3o dos recursos naturais.\t\t\t\t\t<\/p>\n\t\t\t\t\n\t\t\t<\/div>\n\t\t\t\n\t\t<\/div>\n\t\t\t\t\t\t<\/div>\n\t\t\t\t<\/div>\n\t\t<div class=\"elementor-element elementor-element-46f99724 e-con-full e-flex e-con e-child\" data-id=\"46f99724\" data-element_type=\"container\" data-settings=\"{&quot;background_background&quot;:&quot;classic&quot;}\">\n\t\t\t\t<div class=\"elementor-element elementor-element-736aaafa elementor-widget-mobile__width-inherit elementor-widget elementor-widget-icon-box\" data-id=\"736aaafa\" data-element_type=\"widget\" data-widget_type=\"icon-box.default\">\n\t\t\t\t\t\t\t<div class=\"elementor-icon-box-wrapper\">\n\n\t\t\t\n\t\t\t\t\t\t<div class=\"elementor-icon-box-content\">\n\n\t\t\t\t\t\t\t\t\t<h3 class=\"elementor-icon-box-title\">\n\t\t\t\t\t\t<span  >\n\t\t\t\t\t\t\tIntegridade e transpar\u00eancia\t\t\t\t\t\t<\/span>\n\t\t\t\t\t<\/h3>\n\t\t\t\t\n\t\t\t\t\t\t\t\t\t<p class=\"elementor-icon-box-description\">\n\t\t\t\t\t\tGuiamo-nos pelos princ\u00edpios da honestidade, transpar\u00eancia e lealdade em todas as nossas\nintera\u00e7\u00f5es, internas e externas. Estabelecemos rela\u00e7\u00f5es baseadas na confian\u00e7a, honrando\nnossos compromissos e mantendo a integridade em todas as transa\u00e7\u00f5es.\t\t\t\t\t<\/p>\n\t\t\t\t\n\t\t\t<\/div>\n\t\t\t\n\t\t<\/div>\n\t\t\t\t\t\t<\/div>\n\t\t\t\t<\/div>\n\t\t\t\t<\/div>\n\t\t<div class=\"elementor-element elementor-element-29b05bb9 e-con-full e-flex e-con e-child\" data-id=\"29b05bb9\" data-element_type=\"container\">\n\t\t<div class=\"elementor-element elementor-element-381bcf85 e-con-full e-flex e-con e-child\" data-id=\"381bcf85\" data-element_type=\"container\" data-settings=\"{&quot;background_background&quot;:&quot;classic&quot;}\">\n\t\t\t\t<div class=\"elementor-element elementor-element-432a322e elementor-widget-mobile__width-inherit elementor-widget elementor-widget-icon-box\" data-id=\"432a322e\" data-element_type=\"widget\" data-widget_type=\"icon-box.default\">\n\t\t\t\t\t\t\t<div class=\"elementor-icon-box-wrapper\">\n\n\t\t\t\n\t\t\t\t\t\t<div class=\"elementor-icon-box-content\">\n\n\t\t\t\t\t\t\t\t\t<h3 class=\"elementor-icon-box-title\">\n\t\t\t\t\t\t<span  >\n\t\t\t\t\t\t\tInova\u00e7\u00e3o e competitividade\t\t\t\t\t\t<\/span>\n\t\t\t\t\t<\/h3>\n\t\t\t\t\n\t\t\t\t\t\t\t\t\t<p class=\"elementor-icon-box-description\">\n\t\t\t\t\t\tEstamos constantemente \u00e0 procura de novas oportunidades de neg\u00f3cio, mantendo nossa\ncompetitividade e lucratividade enquanto impulsionamos a inova\u00e7\u00e3o em cada\nempreendimento. Encorajamos a criatividade e valorizamos a capacidade de adapta\u00e7\u00e3o\nem um mundo em constante mudan\u00e7a.\t\t\t\t\t<\/p>\n\t\t\t\t\n\t\t\t<\/div>\n\t\t\t\n\t\t<\/div>\n\t\t\t\t\t\t<\/div>\n\t\t\t\t<\/div>\n\t\t<div class=\"elementor-element elementor-element-68c79e6d e-con-full e-flex e-con e-child\" data-id=\"68c79e6d\" data-element_type=\"container\" data-settings=\"{&quot;background_background&quot;:&quot;classic&quot;}\">\n\t\t\t\t<div class=\"elementor-element elementor-element-2c7e37d5 elementor-widget-mobile__width-inherit elementor-widget elementor-widget-icon-box\" data-id=\"2c7e37d5\" data-element_type=\"widget\" data-widget_type=\"icon-box.default\">\n\t\t\t\t\t\t\t<div class=\"elementor-icon-box-wrapper\">\n\n\t\t\t\n\t\t\t\t\t\t<div class=\"elementor-icon-box-content\">\n\n\t\t\t\t\t\t\t\t\t<h3 class=\"elementor-icon-box-title\">\n\t\t\t\t\t\t<span  >\n\t\t\t\t\t\t\tExcel\u00eancia e satisfa\u00e7\u00e3o do cliente\t\t\t\t\t\t<\/span>\n\t\t\t\t\t<\/h3>\n\t\t\t\t\n\t\t\t\t\t\t\t\t\t<p class=\"elementor-icon-box-description\">\n\t\t\t\t\t\tComprometemo-nos a garantir qualidade excepcional e total satisfa\u00e7\u00e3o para cada cliente que escolhe nossa empresa, superando suas expectativas a cada projeto. Investimos em pesquisa, tecnologia e treinamento para assegurar que cada entrega reflita n\u00e3o apenas nossa habilidade t\u00e9cnica, mas tamb\u00e9m nosso compromisso inabal\u00e1vel com a excel\u00eancia.\t\t\t\t\t<\/p>\n\t\t\t\t\n\t\t\t<\/div>\n\t\t\t\n\t\t<\/div>\n\t\t\t\t\t\t<\/div>\n\t\t\t\t<\/div>\n\t\t\t\t<\/div>\n\t\t\t\t<\/div>\n\t\t\t\t\t<\/div>\n\t\t\t\t<\/div>\n\t\t\t\t<\/div>\n\t\t","protected":false},"excerpt":{"rendered":"<p>Quem Somos Nossa Hist\u00f3ria Fundada no ano de 1999 e contando com escrit\u00f3rios nas cidades de Taubat\u00e9, Trememb\u00e9 e S\u00e3o Paulo, a Engevale Engenharia \u00e9 uma s\u00f3lida empresa de engenharia, com opera\u00e7\u00f5es nos segmentos privado e p\u00fablico, e que atua em todo o Brasil, prestando servi\u00e7os diferenciados em \u00e1reas como Paradas Programadas de Manuten\u00e7\u00e3o, Manuten\u00e7\u00e3o [&hellip;]<\/p>\n","protected":false},"author":2,"featured_media":0,"parent":0,"menu_order":0,"comment_status":"closed","ping_status":"closed","template":"","meta":{"footnotes":""},"class_list":["post-1584","page","type-page","status-publish","hentry"],"_links":{"self":[{"href":"https:\/\/engevale.com\/site\/wp-json\/wp\/v2\/pages\/1584","targetHints":{"allow":["GET"]}}],"collection":[{"href":"https:\/\/engevale.com\/site\/wp-json\/wp\/v2\/pages"}],"about":[{"href":"https:\/\/engevale.com\/site\/wp-json\/wp\/v2\/types\/page"}],"author":[{"embeddable":true,"href":"https:\/\/engevale.com\/site\/wp-json\/wp\/v2\/users\/2"}],"replies":[{"embeddable":true,"href":"https:\/\/engevale.com\/site\/wp-json\/wp\/v2\/comments?post=1584"}],"version-history":[{"count":46,"href":"https:\/\/engevale.com\/site\/wp-json\/wp\/v2\/pages\/1584\/revisions"}],"predecessor-version":[{"id":2839,"href":"https:\/\/engevale.com\/site\/wp-json\/wp\/v2\/pages\/1584\/revisions\/2839"}],"wp:attachment":[{"href":"https:\/\/engevale.com\/site\/wp-json\/wp\/v2\/media?parent=1584"}],"curies":[{"name":"wp","href":"https:\/\/api.w.org\/{rel}","templated":true}]}}